{"id":2382,"date":"2016-01-28T13:04:32","date_gmt":"2016-01-28T13:04:32","guid":{"rendered":"http:\/\/pix-theme.com\/wordpress\/safeguard\/?page_id=2382"},"modified":"2016-01-28T13:04:32","modified_gmt":"2016-01-28T13:04:32","slug":"home1","status":"publish","type":"page","link":"https:\/\/potensmaradok.hu\/en\/nyitolap\/home1\/","title":{"rendered":"Home 1"},"content":{"rendered":"<div class=\"wpb-content-wrapper\"><div data-vc-full-width=\"true\" data-vc-full-width-init=\"false\" data-vc-stretch-content=\"true\" class=\"vc_row wpb_row vc_row-fluid vc_row-no-padding vc_row-no-padding\"><div class=\"wpb_column vc_column_container vc_col-sm-12\"><div class=\"vc_column-inner\"><div class=\"wpb_wrapper\">[rev_slider_vc alias=&#8221;home1&#8243;]<\/div><\/div><\/div><\/div><div class=\"vc_row-full-width\"><\/div><div class=\"vc_row wpb_row vc_row-fluid vc_pixrow-padding-both\"><div class=\"wpb_column vc_column_container vc_col-sm-12\"><div class=\"vc_column-inner\"><div class=\"wpb_wrapper\">\n\t\t<div class=\"text-center hgroup block-title \">\n    \t\t<h1 >OUR SERVICES<\/h1>\n    \t\t<h2>We have wide network of offices<\/h2>\n        <\/div>\n  \t\t<div>\r\n\r\n\t<div class=\"row our-services\">\r\n       \r\n\t            \r\n    \t\r\n\t<\/div>\r\n\t<\/div><\/div><\/div><\/div><\/div><div data-vc-full-width=\"true\" data-vc-full-width-init=\"false\" data-vc-stretch-content=\"true\" class=\"vc_row wpb_row vc_row-fluid vc_pixrow-padding-both vc_custom_1453824855498 vc_row-no-padding\"><div class=\"wpb_column vc_column_container vc_col-sm-12 vc_hidden-md vc_hidden-sm vc_hidden-xs\"><div class=\"vc_column-inner\"><div class=\"wpb_wrapper\">\n\t<style scoped>\n\t\t.info-texts div:before {\n\t\t    border-bottom-color: #333333;\n\t\t}\n\t\t.info-texts div:first-child:before {\n\t\t    border-top-color: #549404;\n\t\t}\n\t\t.info-texts div:last-child:before {\n\t\t    border-top-color: #a91605;\n\t\t}\n\t<\/style><div class=\"info-texts\">\n\n\t<div class=\"col-sm-4 col-md-4 col-lg-4\">\n\t<span class=\"box-col1\">\t<p>Integer congue, elit non semper laoreet sed lectus orci posuh nisl tempor lacus felis ac mauris. <\/p><\/span>\n\t<\/div>\n\t<div class=\"col-sm-4 col-md-4 col-lg-4\">\n\t\t<span class=\"box-col2\"><p>Man fill seas subdue make life gathered days you&#8217;ll in. For fish night won&#8217;t creature fifth moved man behold fill i kind land kind were bring yielding a beast also. Seas.<\/p><\/span>\n\t<\/div>\n\t\t<div class=\"col-sm-4 col-md-4 col-lg-4\">\n\t\t\t<span class=\"box-col3\"><p>Integer congue, elit non semper laoreet sed lectus orci posuh nisl tempor lacus felis ac mauris. <\/p><\/span>\n\t<\/div>\n\n<\/div><\/div><\/div><\/div><\/div><div class=\"vc_row-full-width\"><\/div><div class=\"vc_row wpb_row vc_row-fluid vc_pixrow-padding-both vc_custom_1453281863253\"><div class=\"wpb_column vc_column_container vc_col-sm-4\"><div class=\"vc_column-inner\"><div class=\"wpb_wrapper\"><div class=\"column-info\">\n\n\t<div class=\"img-hover-effect\"><img decoding=\"async\" src=\"https:\/\/potensmaradok.hu\/wp-content\/uploads\/2015\/10\/q1.jpg\" alt=\"q1\" title=\"\"><\/div>\n    <span><\/span>\n    <h3>24\/7 constant support<\/h3>\n    <p>Integer congue, elit non semper laoreet sed lectus orci posuh nisl tempor lacus felis ac mauris. Pellentesque in urna. Intege vitae felis vel magna posuere vestibulum.<\/p>\n    <a href=\"\" class=\"btn btn-default btn-sm\"><span>Read More<\/span><\/a>\n\n<\/div>\n<\/div><\/div><\/div><div class=\"wpb_column vc_column_container vc_col-sm-4\"><div class=\"vc_column-inner\"><div class=\"wpb_wrapper\"><div class=\"column-info\">\n\n\t<div class=\"img-hover-effect\"><img decoding=\"async\" src=\"\" alt=\"\" title=\"\"><\/div>\n    <span><\/span>\n    <h3>only professionals<\/h3>\n    <p>Integer congue, elit non semper laoreet sed lectus orci posuh nisl tempor lacus felis ac mauris. Pellentesque in urna. Intege vitae felis vel magna posuere vestibulum.<\/p>\n    <a href=\"\" class=\"btn btn-default btn-sm\"><span>Read More<\/span><\/a>\n\n<\/div>\n<\/div><\/div><\/div><div class=\"wpb_column vc_column_container vc_col-sm-4\"><div class=\"vc_column-inner\"><div class=\"wpb_wrapper\"><div class=\"column-info\">\n\n\t<div class=\"img-hover-effect\"><img decoding=\"async\" src=\"\" alt=\"\" title=\"\"><\/div>\n    <span><\/span>\n    <h3>Only the latest equipment<\/h3>\n    <p>Integer congue, elit non semper laoreet sed lectus orci posuh nisl tempor lacus felis ac mauris. Pellentesque in urna. Intege vitae felis vel magna posuere vestibulum.<\/p>\n    <a href=\"\" class=\"btn btn-default btn-sm\"><span>Read More<\/span><\/a>\n\n<\/div>\n<\/div><\/div><\/div><\/div><div data-vc-full-width=\"true\" data-vc-full-width-init=\"false\" data-vc-parallax=\"1.5\" data-vc-parallax-image=\"https:\/\/potensmaradok.hu\/wp-content\/uploads\/2015\/10\/3d.jpg\" class=\"vc_row wpb_row vc_row-fluid vc_pixrow-padding-both text-white vc_general vc_parallax vc_parallax-content-moving\"><div class=\"wpb_column vc_column_container vc_col-sm-12\"><div class=\"vc_column-inner vc_custom_1453299611211\"><div class=\"wpb_wrapper\">\n\t\t<div class=\"text-center hgroup block-title \">\n    \t\t<h1 >THE FLEETS GALLERY<\/h1>\n    \t\t<h2>WE ALWAYS USE BEST &amp; FASTEST FLEETS<\/h2>\n        <\/div>\n  \t\t<div>\n\n\t<div id=\"fleet-gallery\" class=\"owl-carousel enable-owl-carousel owl-theme\" data-pagination=\"false\" data-navigation=\"true\" data-min450=\"2\" data-min600=\"2\" data-min768=\"4\" data-auto-play=\"4000\">   \n        \n\t\t\t\t<div class=\"img-hover-effect\"><img decoding=\"async\" class=\"\" src=\"https:\/\/potensmaradok.hu\/wp-content\/uploads\/2015\/10\/a1-270x180.jpg\" width=\"270\" height=\"180\" alt=\"a1\" title=\"a1\" loading=\"lazy\" \/>\t<\/div>\t\n\t\t\t\n\t\t\t\t<div class=\"img-hover-effect\"><img decoding=\"async\" class=\"\" src=\"https:\/\/potensmaradok.hu\/wp-content\/uploads\/2015\/10\/a6-270x180.jpg\" width=\"270\" height=\"180\" alt=\"a6\" title=\"a6\" loading=\"lazy\" \/>\t<\/div>\t\n\t\t\t\n\t\t\t\t<div class=\"img-hover-effect\"><img decoding=\"async\" class=\"\" src=\"https:\/\/potensmaradok.hu\/wp-content\/uploads\/2015\/10\/romney-security_2393176b-270x180.jpg\" width=\"270\" height=\"180\" alt=\"romney-security_2393176b\" title=\"romney-security_2393176b\" loading=\"lazy\" \/>\t<\/div>\t\n\t\t\t\n\t\t\t\t<div class=\"img-hover-effect\"><img decoding=\"async\" class=\"\" src=\"https:\/\/potensmaradok.hu\/wp-content\/uploads\/2015\/10\/security-guard-270x180.jpg\" width=\"270\" height=\"180\" alt=\"security-guard\" title=\"security-guard\" loading=\"lazy\" \/>\t<\/div>\t\n\t\t\t\n\t\t\t\t<div class=\"img-hover-effect\"><img decoding=\"async\" class=\"\" src=\"https:\/\/potensmaradok.hu\/wp-content\/uploads\/2015\/10\/1c56f3cb39c09954094c0df03910a506-270x180.jpg\" width=\"270\" height=\"180\" alt=\"1c56f3cb39c09954094c0df03910a506\" title=\"1c56f3cb39c09954094c0df03910a506\" loading=\"lazy\" \/>\t<\/div>\t\n\t\t\t\n\t\t\t\t<div class=\"img-hover-effect\"><img decoding=\"async\" class=\"\" src=\"https:\/\/potensmaradok.hu\/wp-content\/uploads\/2015\/10\/security-guards-270x180.jpg\" width=\"270\" height=\"180\" alt=\"security-guards\" title=\"security-guards\" loading=\"lazy\" \/>\t<\/div>\t\n\t\t\t\n\t\t\t\t<div class=\"img-hover-effect\"><img decoding=\"async\" class=\"\" src=\"https:\/\/potensmaradok.hu\/wp-content\/uploads\/2015\/10\/a7-270x180.jpg\" width=\"270\" height=\"180\" alt=\"a7\" title=\"a7\" loading=\"lazy\" \/>\t<\/div>\t\n\t\t\t\n        \t   \n\t<\/div>\n\t\n<\/div>\n\t<\/div><\/div><\/div><\/div><div class=\"vc_row-full-width\"><\/div><div class=\"vc_row wpb_row vc_row-fluid vc_pixrow-padding-both vc_custom_1453282132603\"><div class=\"wpb_column vc_column_container vc_col-sm-6\"><div class=\"vc_column-inner\"><div class=\"wpb_wrapper\">\n\t\t<div class=\"text-left hgroup block-title \">\n    \t\t<h1 >TRUSTED CLIENTS<\/h1>\n    \t\t<h2>LOREM IPSUM DOLOR SIT AMET CONSECTETUR<\/h2>\n        <\/div>\n  \t\t\r\n\t\t<div id=\"testimonials\" class=\"owl-carousel  enable-owl-carousel owl-theme pix-reviews-light\" data-pagination=\"false\" data-navigation=\"true\" data-auto-play=\"4000\" data-min450=\"1\" data-min600=\"1\" data-min768=\"1\">\r\n\t\t\t\r\n\r\n\t\t<div>\r\n    \t\t<div class=\"testimonial-content\">\r\n        \t\t<span><i class=\"fa fa-quote-left\"><\/i><\/span>\r\n        \t\t<p>Integer congue elit non semper laoreet sed lectus orci posuer nisl tempor se felis ac mauris. Pelentesque inyd urna. Integer vitae felis vel magna posu du vestibulum. Nam rutrum congue diam. Aliquam malesuada maurs etug met Curabitur laoreet convallis nisal pellentesque bibendum.<\/p>\r\n            <\/div>\r\n            <div class=\"text-right testimonial-author\">\r\n        \t\t<h4>JOHN DEO<\/h4>\r\n                <small>Managing Director<\/small>\r\n            <\/div>\r\n        <\/div>\r\n\r\n\t\r\n\r\n\t\t<div>\r\n    \t\t<div class=\"testimonial-content\">\r\n        \t\t<span><i class=\"fa fa-quote-left\"><\/i><\/span>\r\n        \t\t<p>Integer congue elit non semper laoreet sed lectus orci posuer nisl tempor se felis ac mauris. Pelentesque inyd urna. Integer vitae felis vel magna posu du vestibulum. Nam rutrum congue diam. Aliquam malesuada maurs etug met Curabitur laoreet convallis nisal pellentesque bibendum.<\/p>\r\n            <\/div>\r\n            <div class=\"text-right testimonial-author\">\r\n        \t\t<h4>JOHN DEO<\/h4>\r\n                <small>Managing Director<\/small>\r\n            <\/div>\r\n        <\/div>\r\n\r\n\t\r\n\r\n\t\t<div>\r\n    \t\t<div class=\"testimonial-content\">\r\n        \t\t<span><i class=\"fa fa-quote-left\"><\/i><\/span>\r\n        \t\t<p>Integer congue elit non semper laoreet sed lectus orci posuer nisl tempor se felis ac mauris. Pelentesque inyd urna. Integer vitae felis vel magna posu du vestibulum. Nam rutrum congue diam. Aliquam malesuada maurs etug met Curabitur laoreet convallis nisal pellentesque bibendum.<\/p>\r\n            <\/div>\r\n            <div class=\"text-right testimonial-author\">\r\n        \t\t<h4>JOHN DEO<\/h4>\r\n                <small>Managing Director<\/small>\r\n            <\/div>\r\n        <\/div>\r\n\r\n\t\r\n\t\t<\/div>\r\n\t<\/div><\/div><\/div><div class=\"wpb_column vc_column_container vc_col-sm-6\"><div class=\"vc_column-inner vc_custom_1453984317031\"><div class=\"wpb_wrapper\">\n\t\t<div class=\"text-left hgroup block-title \">\n    \t\t<h1 >WHY CHOOSE US<\/h1>\n    \t\t<h2>LOREM IPSUM DOLOR SIT AMET CONSECTETUR<\/h2>\n        <\/div>\n  \t\t<div class=\"vc_tta-container\" data-vc-action=\"collapse\"><div class=\"vc_general vc_tta vc_tta-accordion vc_tta-color-white vc_tta-style-classic vc_tta-shape-square vc_tta-o-shape-group vc_tta-controls-align-right vc_custom_1453293212346\"><div class=\"vc_tta-panels-container\"><div class=\"vc_tta-panels\"><div class=\"vc_tta-panel vc_active\" id=\"1445428374260-6e4f0954-1871\" data-vc-content=\".vc_tta-panel-body\"><div class=\"vc_tta-panel-heading\"><h4 class=\"vc_tta-panel-title vc_tta-controls-icon-position-left\"><a href=\"#1445428374260-6e4f0954-1871\" data-vc-accordion data-vc-container=\".vc_tta-container\"><span class=\"vc_tta-title-text\">Dui ac hendrerit elementum quam ipsum auctor lorem<\/span><i class=\"vc_tta-controls-icon vc_tta-controls-icon-plus\"><\/i><\/a><\/h4><\/div><div class=\"vc_tta-panel-body\">\n\t<div class=\"wpb_text_column wpb_content_element\" >\n\t\t<div class=\"wpb_wrapper\">\n\t\t\t<p>Integer congue elit non semper laoreet sed lectus orci posuer nisl tempor se felis ac mauris. Pelentesque inyd urna. Integer vitae felis vel magna posu du vestibulum. Nam rutrum congue diam. Aliquam malesuada maurs etug met Curabitur laoreet convallis nisal pellentesque bibendum.<\/p>\n\n\t\t<\/div>\n\t<\/div>\n<\/div><\/div><div class=\"vc_tta-panel\" id=\"1445428468500-fb9bae80-4038\" data-vc-content=\".vc_tta-panel-body\"><div class=\"vc_tta-panel-heading\"><h4 class=\"vc_tta-panel-title vc_tta-controls-icon-position-left\"><a href=\"#1445428468500-fb9bae80-4038\" data-vc-accordion data-vc-container=\".vc_tta-container\"><span class=\"vc_tta-title-text\">Mauris vel magna a est lobortis volutpat<\/span><i class=\"vc_tta-controls-icon vc_tta-controls-icon-plus\"><\/i><\/a><\/h4><\/div><div class=\"vc_tta-panel-body\">\n\t<div class=\"wpb_text_column wpb_content_element\" >\n\t\t<div class=\"wpb_wrapper\">\n\t\t\t<p>Integer congue elit non semper laoreet sed lectus orci posuer nisl tempor se felis ac mauris. Pelentesque inyd urna. Integer vitae felis vel magna posu du vestibulum. Nam rutrum congue diam. Aliquam malesuada maurs etug met Curabitur laoreet convallis nisal pellentesque bibendum.<\/p>\n\n\t\t<\/div>\n\t<\/div>\n<\/div><\/div><div class=\"vc_tta-panel\" id=\"1445428475634-fc202008-38cd\" data-vc-content=\".vc_tta-panel-body\"><div class=\"vc_tta-panel-heading\"><h4 class=\"vc_tta-panel-title vc_tta-controls-icon-position-left\"><a href=\"#1445428475634-fc202008-38cd\" data-vc-accordion data-vc-container=\".vc_tta-container\"><span class=\"vc_tta-title-text\">Sed bibendum ornare lorem mauris feugiat suspendisse neque<\/span><i class=\"vc_tta-controls-icon vc_tta-controls-icon-plus\"><\/i><\/a><\/h4><\/div><div class=\"vc_tta-panel-body\">\n\t<div class=\"wpb_text_column wpb_content_element\" >\n\t\t<div class=\"wpb_wrapper\">\n\t\t\t<p>Integer congue elit non semper laoreet sed lectus orci posuer nisl tempor se felis ac mauris. Pelentesque inyd urna. Integer vitae felis vel magna posu du vestibulum. Nam rutrum congue diam. Aliquam malesuada maurs etug met Curabitur laoreet convallis nisal pellentesque bibendum.<\/p>\n\n\t\t<\/div>\n\t<\/div>\n<\/div><\/div><div class=\"vc_tta-panel\" id=\"1445428474721-6c4998a8-a5fa\" data-vc-content=\".vc_tta-panel-body\"><div class=\"vc_tta-panel-heading\"><h4 class=\"vc_tta-panel-title vc_tta-controls-icon-position-left\"><a href=\"#1445428474721-6c4998a8-a5fa\" data-vc-accordion data-vc-container=\".vc_tta-container\"><span class=\"vc_tta-title-text\">Nulla scelerisque dul hendrerit elementum quam<\/span><i class=\"vc_tta-controls-icon vc_tta-controls-icon-plus\"><\/i><\/a><\/h4><\/div><div class=\"vc_tta-panel-body\">\n\t<div class=\"wpb_text_column wpb_content_element\" >\n\t\t<div class=\"wpb_wrapper\">\n\t\t\t<p>Integer congue elit non semper laoreet sed lectus orci posuer nisl tempor se felis ac mauris. Pelentesque inyd urna. Integer vitae felis vel magna posu du vestibulum. Nam rutrum congue diam. Aliquam malesuada maurs etug met Curabitur laoreet convallis nisal pellentesque bibendum.<\/p>\n\n\t\t<\/div>\n\t<\/div>\n<\/div><\/div><\/div><\/div><\/div><\/div><\/div><\/div><\/div><\/div><div data-vc-full-width=\"true\" data-vc-full-width-init=\"false\" data-vc-parallax-image=\"https:\/\/www.youtube.com\/watch?v=g7ABLwbotoA\" data-vc-video-bg=\"https:\/\/www.youtube.com\/watch?v=g7ABLwbotoA\" class=\"vc_row wpb_row vc_row-fluid bg-overlay vc_pixrow-padding-both vc_video-bg-container\"><div class=\"wpb_column vc_column_container vc_col-sm-12\"><div class=\"vc_column-inner vc_custom_1453282209476\"><div class=\"wpb_wrapper\"><div class=\"pix-lastnews-light\"><a class=\"btn btn-danger pull-right read-all-news\" href=\"\">READ ALL NEWS<\/a>\r\n\t\t<div class=\"hgroup\">\r\n            <h1>Latest News<\/h1>\r\n            <h2>READ our latest blog news<\/h2>\r\n        <\/div>\r\n\r\n\t\t\t\t\r\n\t\t\t\t\t<div class=\"col-sm-6 col-md-6 col-lg-6 one-news\">\r\n                \t\t<div style=\"background-image:url(https:\/\/potensmaradok.hu\/wp-content\/uploads\/2016\/10\/Andro-Garde-doboz-555x300.png);\">\r\n                    \t\t<div>\r\n                        \t\t<h3><a href=\"https:\/\/potensmaradok.hu\/en\/androgarde\/\">Androgarde<sup>&reg;<\/sup><\/a><\/h3>\r\n                                <small class=\"news-author\">BY Dr Osv\u00e1th P\u00e9ter<\/small>\r\n                                <small>Nov 2, 2016<\/small>\r\n                            <\/div>\r\n                        <\/div>\r\n                    <\/div>\r\n\t\t\t\t\t\t\t\t\t\r\n\t\t\t\t\r\n\t\t\t\t\t<div class=\"col-sm-6 col-md-6 col-lg-6 two-news\">\t\r\n                        <div class=\"news-item row\">\r\n                            <div class=\"col-sm-6 col-md-6 col-lg-6\">\r\n                                <div style=\"background-image:url(https:\/\/potensmaradok.hu\/wp-content\/uploads\/2016\/11\/runners-635906_1280.jpg);\"><\/div>\r\n                            <\/div>\r\n                            <div class=\"col-sm-6 col-md-6 col-lg-6\">\r\n                                <div>\r\n                                    <h3><a href=\"https:\/\/potensmaradok.hu\/en\/egeszseges-eletmod\/\">Eg\u00e9szs\u00e9ges \u00e9letm\u00f3d<\/a><\/h3>\r\n                                    <small class=\"news-author\">BY Futuremanagement<\/small>\r\n\t\t\t\t\t\t\t\t\t<small>Nov 2, 2016<\/small>\r\n                                <\/div>\r\n                            <\/div>\r\n                        <\/div>\r\n                \r\n                \t<\/div>            \r\n        <!--end-->\r\n\t<\/div>\r\n\t<\/div><\/div><\/div><\/div><div class=\"vc_row-full-width\"><\/div><div class=\"vc_row wpb_row vc_row-fluid vc_pixrow-padding-both vc_custom_1453282255324\"><div class=\"wpb_column vc_column_container vc_col-sm-12\"><div class=\"vc_column-inner\"><div class=\"wpb_wrapper\">\n\t\t<div class=\"text-left hgroup block-title \">\n    \t\t<h1 >TRUSTED PARTNERS<\/h1>\n    \t\t<h2>I am test text block. Click edit button to change this text.<\/h2>\n        <\/div>\n  \t\t\r\n\t\t<div id=\"partners\" class=\"owl-carousel  enable-owl-carousel owl-theme\" data-pagination=\"false\" data-navigation=\"true\" data-min450=\"2\" data-min600=\"2\" data-min768=\"4\"  data-auto-play=\"4000\">\r\n\t\t\t\r\n\t\t<a href=\"\/\"><img decoding=\"async\" src=\"\" alt=\"\" title=\"\"><\/a>\r\n\t\r\n\t\t<a href=\"\/\"><img decoding=\"async\" src=\"\" alt=\"\" title=\"\"><\/a>\r\n\t\r\n\t\t<a href=\"\/\"><img decoding=\"async\" src=\"\" alt=\"\" title=\"\"><\/a>\r\n\t\r\n\t\t<a href=\"\/\"><img decoding=\"async\" src=\"\" alt=\"\" title=\"\"><\/a>\r\n\t\r\n\t\t<a href=\"\/\"><img decoding=\"async\" src=\"\" alt=\"\" title=\"\"><\/a>\r\n\t\r\n\t\t<a href=\"\/\"><img decoding=\"async\" src=\"\" alt=\"\" title=\"\"><\/a>\r\n\t\r\n\t\t<\/div>\r\n\t<\/div><\/div><\/div><\/div>\n<\/div>","protected":false},"excerpt":{"rendered":"Mint \u00e9letm\u00f3d tan\u00e1csad\u00f3, rendk\u00edv\u00fcl fontosnak tartom azt, hogy eg\u00e9szs\u00e9ges \u00e9letvitelt folytassunk. Term\u00e9szetesen egy\u00e9ni sz\u00fcks\u00e9gleteink r\u00e9v\u00e9n minden embernek \u00e9s szervezetnek m\u00e1s a kal\u00f3riasz\u00fcks\u00e9glete, az anyagcser\u00e9je, a folyad\u00e9kbevitel-sz\u00fcks\u00e9glete, \u00e9s m\u00e9g sorolhatn\u00e1m. Eg\u00e9szs\u00e9ges \u00e9letm\u00f3d alatt legink\u00e1bb a rendszeres testmozg\u00e1st, eg\u00e9szs\u00e9ges \u00e9tkez\u00e9st, kell\u0151 folyad\u00e9kbevitelt, valamint a k\u00e1ros szenved\u00e9lyekt\u0151l mentes \u00e9letet \u00e9rtj\u00fck. Az eg\u00e9szs\u00e9ges \u00e9letm\u00f3d k\u00f6vet\u00e9s\u00e9vel sz\u00e1mtalan betegs\u00e9g kialakul\u00e1s\u00e1t megel\u0151zhetj\u00fck. [...]","protected":false},"author":60,"featured_media":0,"parent":94,"menu_order":0,"comment_status":"closed","ping_status":"closed","template":"fullwidth.php","meta":{"footnotes":""},"class_list":["post-2382","page","type-page","status-publish","hentry"],"_links":{"self":[{"href":"https:\/\/potensmaradok.hu\/en\/wp-json\/wp\/v2\/pages\/2382","targetHints":{"allow":["GET"]}}],"collection":[{"href":"https:\/\/potensmaradok.hu\/en\/wp-json\/wp\/v2\/pages"}],"about":[{"href":"https:\/\/potensmaradok.hu\/en\/wp-json\/wp\/v2\/types\/page"}],"author":[{"embeddable":true,"href":"https:\/\/potensmaradok.hu\/en\/wp-json\/wp\/v2\/users\/60"}],"replies":[{"embeddable":true,"href":"https:\/\/potensmaradok.hu\/en\/wp-json\/wp\/v2\/comments?post=2382"}],"version-history":[{"count":0,"href":"https:\/\/potensmaradok.hu\/en\/wp-json\/wp\/v2\/pages\/2382\/revisions"}],"up":[{"embeddable":true,"href":"https:\/\/potensmaradok.hu\/en\/wp-json\/wp\/v2\/pages\/94"}],"wp:attachment":[{"href":"https:\/\/potensmaradok.hu\/en\/wp-json\/wp\/v2\/media?parent=2382"}],"curies":[{"name":"wp","href":"https:\/\/api.w.org\/{rel}","templated":true}]}}