{"id":2543,"date":"2016-09-30T07:00:47","date_gmt":"2016-09-30T07:00:47","guid":{"rendered":"http:\/\/androgarde.hu\/?page_id=2543"},"modified":"2017-01-10T04:39:58","modified_gmt":"2017-01-10T04:39:58","slug":"hogyan-hat-az-androgarde","status":"publish","type":"page","link":"https:\/\/potensmaradok.hu\/en\/hogyan-hat-az-androgarde\/","title":{"rendered":"Hogyan hat az Androgarde"},"content":{"rendered":"<p>Az <strong>Androgarde kapszula<\/strong> egyik f\u0151 alkot\u00f3r\u00e9sze az <strong>L-Arginin<\/strong>. Az L-arginin egy amin\u00f3sav, amelynek az izomer\u0151re val\u00f3 pozit\u00edv hat\u00e1sa r\u00e9g\u00f3ta ismert. Az ut\u00f3bbi id\u0151kben v\u00e9gzett kutat\u00e1sok kimutatt\u00e1k, hogy az emberi szervezetben az Argininben jelenlev\u0151 Guanidin csoportb\u00f3l Nitrog\u00e9nmonoxid (NO)\u00a0 keletkezik, m\u00e9ghozz\u00e1 min\u00e9l t\u00f6bb Arginin van jelen, ann\u00e1l t\u00f6bb NO szintetiz\u00e1l\u00f3dik. A Nitrog\u00e9nmomnoxid (NO) nagyon fontos vegy\u00fclet az eg\u00e9szs\u00e9ges erekci\u00f3<span style=\"text-decoration: line-through;\">s mechanizmius<\/span> kialakul\u00e1s\u00e1ban \u00e9s fenntart\u00e1s\u00e1ban, mivel az erek fal\u00e1nak ellaz\u00edt\u00e1s\u00e1t seg\u00edti el\u0151, amiit\u0151l azok k\u00e9pesek lesznek jobban kit\u00e1gulni. Ebb\u0151l k\u00f6vetkezik, hogy Arginin hi\u00e1nyb\u00f3l ered\u0151 NO hi\u00e1ny eset\u00e9n a penisz barlangostestjei \u00e9s art\u00e9ri\u00e1i nem tudnak olyan m\u00e9rt\u00e9kben kit\u00e1gulni \u00e9s erekci\u00f3t l\u00e9trehozni, mint elegend\u0151 NO jelenl\u00e9te eset\u00e9n, ez pedig mereved\u00e9si zavarhoz , impotenci\u00e1hoz vezet.<\/p>\n<p>Az emberi szervezet \u00e1ltal termelt Arginin mennyis\u00e9ge az \u00e9letkor el\u0151re halad\u00e1s\u00e1val cs\u00f6kken. Az Arginin p\u00f3tl\u00e1s a f\u00e9rfiak eset\u00e9ben az\u00e9rt is fontos t\u00e9nyez\u0151 40 \u00e9ves kor felett\u00a0 mivel az Arginin term\u00e9szetes \u00faton n\u00f6veli a f\u00e9rfier\u0151t, \u00edgy jobb mereved\u00e9s j\u00f6het l\u00e9tre, valamimint k\u00f6nnyebben megel\u0151zhet\u0151 a mereved\u00e9si zavar (impotencia) . (1)<\/p>\n<table>\n<tbody>\n<tr>\n<td width=\"643\">Az ezt al\u00e1t\u00e1maszt\u00f3 egyik kutat\u00e1s itt olvashat\u00f3: <a href=\"http:\/\/www.ncbi.nlm.nih.gov\/pubmed\/10743698\" target=\"_blank\" rel=\"noopener\">http:\/\/www.ncbi.nlm.nih.gov\/pubmed\/10743698<\/a><\/td>\n<\/tr>\n<\/tbody>\n<\/table>\n<p>Az Amerikai Egyes\u00fclt \u00c1llamok egyik vezet\u0151 kutat\u00f3int\u00e9zete, a Mayo Klinika \u00e1ltal v\u00e9gzett kutat\u00e1sok azt is kimutatt\u00e1k, hogy az Arginin \u00f6nmag\u00e1ban csak nagy adagban elegend\u0151 az eg\u00e9szs\u00e9ges erekci\u00f3 fenntart\u00e1s\u00e1hoz, \u00e1m m\u00e1s szerekkel val\u00f3 kombin\u00e1lt ad\u00e1sa eset\u00e9n kevesebb mennyis\u00e9g is hat\u00e1sos lehet a potenciazavar megel\u0151z\u00e9s\u00e9ben\u00a0\u00a0 (2)<\/p>\n<p>Az egyik ilyen \u00fajonnan felfedezett szer egy bizonyos <strong>feny\u0151k\u00e9reg kivonat<\/strong>, mellyel kombin\u00e1lva az Arginint, nagym\u00e9rt\u00e9kben n\u0151 a Nitrog\u00e9nmonoxid produkci\u00f3 a szervezetben, \u00e9s ez\u00e1ltal javul az erekci\u00f3s k\u00e9pess\u00e9g, jobb mereved\u00e9s \u00e9rhet\u0151 el, illetve kisebb a potencia zavar kialakul\u00e1s\u00e1nak a vesz\u00e9lye. (3,4)<\/p>\n<table>\n<tbody>\n<tr>\n<td width=\"643\">Az ezt al\u00e1t\u00e1maszt\u00f3 tudom\u00e1nyos kutat\u00e1s ittolvashat\u00f3: <a href=\"http:\/\/www.ncbi.nlm.nih.gov\/pubmed\/12851125\" target=\"_blank\" rel=\"noopener\">http:\/\/www.ncbi.nlm.nih.gov\/pubmed\/12851125<\/a><\/td>\n<\/tr>\n<\/tbody>\n<\/table>\n<p>A fentiek mellett bizony\u00edtottan j\u00f3 hat\u00e1s\u00fa a mereved\u00e9si zavarok megel\u0151z\u00e9s\u00e9ben a <strong>Carnitine<\/strong> is. (5.) A Karnitin zs\u00edr\u00e9get\u0151 hat\u00e1sa r\u00e9g\u00f3ta j\u00f3l ismert, az azonban tal\u00e1n kev\u00e9sb\u00e9 ismert, hogy a zs\u00edranyagcser\u00e9re val\u00f3 hat\u00e1sa r\u00e9v\u00e9n \u2013 mivel g\u00e1tolja a zs\u00edrok erek fal\u00e1ban t\u00f6rt\u00e9n\u0151 lerak\u00f3d\u00e1s\u00e1t \u2013 g\u00e1tolhatja a kis art\u00e9ri\u00e1k besz\u0171k\u00fcl\u00e9s\u00e9t is, ami nagyon fontos az eg\u00e9szs\u00e9ges erekci\u00f3<span style=\"text-decoration: line-through;\">s k\u00e9pess\u00e9g <\/span>fenntart\u00e1s\u00e1ban, a potenciazavar megel\u0151z\u00e9s\u00e9ben.<\/p>\n<p>Az <strong>Androgarde kapszula<\/strong> a fentieken k\u00edv\u00fcl tartalmaz m\u00e9g antioxid\u00e1ns tulajdons\u00e1g\u00fa <strong>koenzim-Q10-<\/strong>et, ami a ugyancsak a zs\u00edranyagcser\u00e9re hatva &#8211;\u00a0 lipidperoxid\u00e1ci\u00f3 g\u00e1tl\u00e1s\u00e1val &#8211; cs\u00f6kkenti a kiserekben t\u00f6rt\u00e9n\u0151 zs\u00edrlerak\u00f3d\u00e1s kock\u00e1zat\u00e1t.\u00a0 S\u0151t, egyes kutat\u00e1sok azt is kimutatt\u00e1k, hogy a q10 nbizonyos esetekben n\u00f6veli a megterm\u00e9keny\u00edt\u0151 k\u00e9pess\u00e9get is (6) .Hasonl\u00f3an az Argininhez, a koenzim-Q10 mennyis\u00e9ge az \u00e9letkor el\u0151rehalad\u00e1s\u00e1val term\u00e9szetszer\u0171leg cs\u00f6kken a szervezetben, ez\u00e9rt p\u00f3tl\u00e1s\u00e1r\u00f3l \u00e9rdemes a 40 \u00e9v feletti f\u00e9rfiaknak gondoskodni.<\/p>\n<table>\n<tbody>\n<tr>\n<td width=\"643\">R\u00e9szletek:\u00a0http:\/\/www.webbeteg.hu\/cikkek\/egeszseges\/5372\/a-koenzim-q10-jotekony-hatasai<\/td>\n<\/tr>\n<\/tbody>\n<\/table>\n<p>Az Androgarde kapszula \u00f6t\u00f6dik hat\u00f3anyaga a <strong>Cink <\/strong>(Zn) . A cink egy \u00e1sv\u00e1nyi anyag ami szervezet\u00fcnk valamennyi sejtj\u00e9ben jelen van, eloszl\u00e1sa azonban nem egyenletes, a v\u00e9rben l\u00e9v\u0151 cink mennyis\u00e9g\u00e9t a t\u00e1pl\u00e1l\u00e9k cinktartalma is befoly\u00e1solja. A cink egyik j\u00f3l ismert hat\u00e1sa Testosteron szint\u00e9zis fokoz\u00e1sa(7) , ez\u00e9rt cinkhi\u00e1ny eset\u00e9n cs\u00f6kken a szexu\u00e1lis aktivit\u00e1s \u00e9s a reprodukci\u00f3s k\u00e9pess\u00e9g.<\/p>\n<table>\n<tbody>\n<tr>\n<td width=\"643\">B\u0151vebben a cink hat\u00e1saur\u00f3l itt olvashat: <a href=\"http:\/\/www.hazipatika.com\/taplalkozas\/anyagcsere\/cikkek\/a_nelkulozhetetlen_cink\/20011010145744\" target=\"_blank\" rel=\"noopener\">http:\/\/www.hazipatika.com\/taplalkozas\/anyagcsere\/cikkek\/a_nelkulozhetetlen_cink\/20011010145744<\/a><\/td>\n<\/tr>\n<\/tbody>\n<\/table>\n<p>V\u00e9g\u00fcl \u2013 de nem utols\u00f3sorban \u2013 az Androgarde kapszula egyik nagyon fontos hat\u00f3anyaga a <strong>D3-vitamin<\/strong>. Egy k\u00f6zelm\u00faltban v\u00e9gzett kutat\u00e1s kimutatta, hogy a az D3-vtamin hi\u00e1nya k\u00f6nnyen mereved\u00e9si zavart, impotenci\u00e1t okozhat, mivel hi\u00e1ny\u00e1llapotban felszaporodnak azok a szabad-gy\u00f6k\u00f6k, amik k\u00e1ros\u00edtj\u00e1k a penisz barlangostestjeinek \u00e9s a penisz ereiben \u00e9rfalak belsej\u00e9t, \u00edgy k\u00e1ros\u00edtj\u00e1k az eg\u00e9szs\u00e9ges erekci\u00f3s k\u00e9pess\u00e9get. (8)<\/p>\n<table>\n<tbody>\n<tr>\n<td width=\"643\">Read more about the research in Hungarian here: <a href=\"http:\/\/www.tmkronika.hu\/hirek\/a-haloszobai-teljesitmeny-titka-d-vitamin\" target=\"_blank\" rel=\"noopener\">http:\/\/www.tmkronika.hu\/hirek\/a-haloszobai-teljesitmeny-titka-d-vitamin<\/a><\/td>\n<\/tr>\n<\/tbody>\n<\/table>\n<p>&nbsp;<\/p>\n<p>Literature cited:<\/p>\n<p>1) <a href=\"http:\/\/www.ncbi.nlm.nih.gov\/pubmed\/10743698\" target=\"_blank\" rel=\"noopener\">Urol Int.<\/a> 1999;63(4):220-3. Effectiveness of oral L-arginine in first-line treatment of erectile dysfunction in a controlled crossover study.\u00a0 <a href=\"http:\/\/www.ncbi.nlm.nih.gov\/pubmed\/?term=Klotz%20T%5BAuthor%5D&amp;cauthor=true&amp;cauthor_uid=10743698\" target=\"_blank\" rel=\"noopener\">Klotz T<\/a>1, <a href=\"http:\/\/www.ncbi.nlm.nih.gov\/pubmed\/?term=Mathers%20MJ%5BAuthor%5D&amp;cauthor=true&amp;cauthor_uid=10743698\" target=\"_blank\" rel=\"noopener\">Mathers MJ<\/a>, <a href=\"http:\/\/www.ncbi.nlm.nih.gov\/pubmed\/?term=Braun%20M%5BAuthor%5D&amp;cauthor=true&amp;cauthor_uid=10743698\" target=\"_blank\" rel=\"noopener\">Braun M<\/a>, <a href=\"http:\/\/www.ncbi.nlm.nih.gov\/pubmed\/?term=Bloch%20W%5BAuthor%5D&amp;cauthor=true&amp;cauthor_uid=10743698\" target=\"_blank\" rel=\"noopener\">Bloch W<\/a>, <a href=\"http:\/\/www.ncbi.nlm.nih.gov\/pubmed\/?term=Engelmann%20U%5BAuthor%5D&amp;cauthor=true&amp;cauthor_uid=10743698\" target=\"_blank\" rel=\"noopener\">Engelmann U<\/a>.<\/p>\n<p>2) <a href=\"http:\/\/www.mayoclinic.org\/drugs-supplements\/arginine\/interactions\/hrb-20058733\" target=\"_blank\" rel=\"noopener\">http:\/\/www.mayoclinic.org\/drugs-supplements\/arginine\/interactions\/hrb-20058733<\/a><\/p>\n<p>3) <a href=\"http:\/\/www.ncbi.nlm.nih.gov\/pubmed\/12851125\" target=\"_blank\" rel=\"noopener\">J Sex Marital Ther.<\/a> 2003 May-Jun;29(3):207-13.Treatment of erectile dysfunction with pycnogenol and L-arginine. <a href=\"http:\/\/www.ncbi.nlm.nih.gov\/pubmed\/?term=Stanislavov%20R%5BAuthor%5D&amp;cauthor=true&amp;cauthor_uid=12851125\" target=\"_blank\" rel=\"noopener\">Stanislavov R<\/a>, <a href=\"http:\/\/www.ncbi.nlm.nih.gov\/pubmed\/?term=Nikolova%20V%5BAuthor%5D&amp;cauthor=true&amp;cauthor_uid=12851125\" target=\"_blank\" rel=\"noopener\">Nikolova V<\/a>.<\/p>\n<p>4) <a href=\"http:\/\/www.ncbi.nlm.nih.gov\/pubmed\/17703218\" target=\"_blank\" rel=\"noopener\">Int J Impot Res.<\/a> 2008 Mar-Apr;20(2):173-80. Epub 2007 Aug 16. Improvement of erectile function with Prelox: a randomized, double-blind, placebo-controlled, crossover trial. <a href=\"http:\/\/www.ncbi.nlm.nih.gov\/pubmed\/?term=Stanislavov%20R%5BAuthor%5D&amp;cauthor=true&amp;cauthor_uid=17703218\" target=\"_blank\" rel=\"noopener\">Stanislavov R<\/a>, <a href=\"http:\/\/www.ncbi.nlm.nih.gov\/pubmed\/?term=Nikolova%20V%5BAuthor%5D&amp;cauthor=true&amp;cauthor_uid=17703218\" target=\"_blank\" rel=\"noopener\">Nikolova V<\/a>, <a href=\"http:\/\/www.ncbi.nlm.nih.gov\/pubmed\/?term=Rohdewald%20P%5BAuthor%5D&amp;cauthor=true&amp;cauthor_uid=17703218\" target=\"_blank\" rel=\"noopener\">Rohdewald P<\/a>.<\/p>\n<p>5) <a href=\"http:\/\/www.ncbi.nlm.nih.gov\/pubmed\/15072869\" target=\"_blank\" rel=\"noopener\">Urology.<\/a> 2004 Apr;63(4):641-6. Carnitine versus androgen administration in the treatment of sexual dysfunction, depressed mood, and fatigue associated with male aging. <a href=\"http:\/\/www.ncbi.nlm.nih.gov\/pubmed\/?term=Cavallini%20G%5BAuthor%5D&amp;cauthor=true&amp;cauthor_uid=15072869\" target=\"_blank\" rel=\"noopener\">Cavallini G<\/a>1, <a href=\"http:\/\/www.ncbi.nlm.nih.gov\/pubmed\/?term=Caracciolo%20S%5BAuthor%5D&amp;cauthor=true&amp;cauthor_uid=15072869\" target=\"_blank\" rel=\"noopener\">Caracciolo S<\/a>, <a href=\"http:\/\/www.ncbi.nlm.nih.gov\/pubmed\/?term=Vitali%20G%5BAuthor%5D&amp;cauthor=true&amp;cauthor_uid=15072869\" target=\"_blank\" rel=\"noopener\">Vitali G<\/a>, <a href=\"http:\/\/www.ncbi.nlm.nih.gov\/pubmed\/?term=Modenini%20F%5BAuthor%5D&amp;cauthor=true&amp;cauthor_uid=15072869\" target=\"_blank\" rel=\"noopener\">Modenini F<\/a>, <a href=\"http:\/\/www.ncbi.nlm.nih.gov\/pubmed\/?term=Biagiotti%20G%5BAuthor%5D&amp;cauthor=true&amp;cauthor_uid=15072869\" target=\"_blank\" rel=\"noopener\">Biagiotti G<\/a>.<\/p>\n<p>6) <u>Fertility and Sterility<\/u>, Jan 2004, 81(1):93-98, &#8220;Coenzyme q10 supplementation in infertile men with idiopathic asthenozoospermia: an open, uncontrolled pilot study&#8221; Giancarlo Balercia, M.D. Fabrizio Mosca, Ph.D.Franco Mantero, M.D.Marco Boscaro, M.D.Antonio Mancini, M.D. Giuseppe Ricciardo-Lamonica, Ph.D.GianPaolo Littarru, M.D.<\/p>\n<p>7) \u00a01996 May;12(5):344-8. Zinc status and serum testosterone levels of healthy adults. <a href=\"http:\/\/www.ncbi.nlm.nih.gov\/pubmed\/?term=Prasad%20AS%5BAuthor%5D&amp;cauthor=true&amp;cauthor_uid=8875519\" target=\"_blank\" rel=\"noopener\">Prasad AS<\/a>, <a href=\"http:\/\/www.ncbi.nlm.nih.gov\/pubmed\/?term=Mantzoros%20CS%5BAuthor%5D&amp;cauthor=true&amp;cauthor_uid=8875519\" target=\"_blank\" rel=\"noopener\">Mantzoros CS<\/a>, <a href=\"http:\/\/www.ncbi.nlm.nih.gov\/pubmed\/?term=Beck%20FW%5BAuthor%5D&amp;cauthor=true&amp;cauthor_uid=8875519\" target=\"_blank\" rel=\"noopener\">Beck FW<\/a>, <a href=\"http:\/\/www.ncbi.nlm.nih.gov\/pubmed\/?term=Hess%20JW%5BAuthor%5D&amp;cauthor=true&amp;cauthor_uid=8875519\" target=\"_blank\" rel=\"noopener\">Hess JW<\/a>, <a href=\"http:\/\/www.ncbi.nlm.nih.gov\/pubmed\/?term=Brewer%20GJ%5BAuthor%5D&amp;cauthor=true&amp;cauthor_uid=8875519\" target=\"_blank\" rel=\"noopener\">Brewer GJ<\/a>.<\/p>\n<p>8) <strong><em>\u00a0<\/em><\/strong><a href=\"http:\/\/www.ncbi.nlm.nih.gov\/pubmed\/25092061\" target=\"_blank\" rel=\"noopener\">J Sex MedHYPERLINK &#8220;http:\/\/www.ncbi.nlm.nih.gov\/pubmed\/25092061&#8221;.<\/a><strong><em> 2014 Nov;11(11):2792-800. doi: 10.1111\/jsm.12661. Epub 2014 Aug 5.<\/em><\/strong>Vitamin D and erectile dysfunction. <a href=\"http:\/\/www.ncbi.nlm.nih.gov\/pubmed\/?term=Barassi%20A%5BAuthor%5D&amp;cauthor=true&amp;cauthor_uid=25092061\" target=\"_blank\" rel=\"noopener\">Barassi A<\/a>1, <a href=\"http:\/\/www.ncbi.nlm.nih.gov\/pubmed\/?term=Pezzilli%20R%5BAuthor%5D&amp;cauthor=true&amp;cauthor_uid=25092061\" target=\"_blank\" rel=\"noopener\">Pezzilli R<\/a>, <a href=\"http:\/\/www.ncbi.nlm.nih.gov\/pubmed\/?term=Colpi%20GM%5BAuthor%5D&amp;cauthor=true&amp;cauthor_uid=25092061\" target=\"_blank\" rel=\"noopener\">Colpi GM<\/a>, <a href=\"http:\/\/www.ncbi.nlm.nih.gov\/pubmed\/?term=Corsi%20Romanelli%20MM%5BAuthor%5D&amp;cauthor=true&amp;cauthor_uid=25092061\" target=\"_blank\" rel=\"noopener\">Corsi Romanelli MM<\/a>, <a href=\"http:\/\/www.ncbi.nlm.nih.gov\/pubmed\/?term=Melzi%20d&#039;Eril%20GV%5BAuthor%5D&amp;cauthor=true&amp;cauthor_uid=25092061\" target=\"_blank\" rel=\"noopener\">Melzi dHYPERLINK &#8220;http:\/\/www.ncbi.nlm.nih.gov\/pubmed\/?term=Melzi%20d&#8217;Eril%20GV%5BAuthor%5D&amp;cauthor=true&amp;cauthor_uid=25092061&#8243;&#8216;HYPERLINK &#8220;http:\/\/www.ncbi.nlm.nih.gov\/pubmed\/?term=Melzi%20d&#8217;Eril%20GV%5BAuthor%5D&amp;cauthor=true&amp;cauthor_uid=25092061&#8243;Eril GV<\/a>.<\/p>","protected":false},"excerpt":{"rendered":"<p>Az Androgarde kapszula egyik f\u0151 alkot\u00f3r\u00e9sze az L-Arginin. Az L-arginin egy amin\u00f3sav, amelynek az izomer\u0151re val\u00f3 pozit\u00edv hat\u00e1sa r\u00e9g\u00f3ta ismert. Az ut\u00f3bbi id\u0151kben v\u00e9gzett kutat\u00e1sok kimutatt\u00e1k, hogy az emberi szervezetben az Argininben jelenlev\u0151 Guanidin csoportb\u00f3l Nitrog\u00e9nmonoxid (NO)\u00a0 keletkezik, m\u00e9ghozz\u00e1 min\u00e9l t\u00f6bb Arginin van jelen, ann\u00e1l t\u00f6bb NO szintetiz\u00e1l\u00f3dik. A Nitrog\u00e9nmomnoxid (NO) nagyon fontos vegy\u00fclet az [&hellip;]<\/p>\n","protected":false},"author":60,"featured_media":0,"parent":0,"menu_order":0,"comment_status":"closed","ping_status":"closed","template":"","meta":{"footnotes":""},"class_list":["post-2543","page","type-page","status-publish","hentry"],"_links":{"self":[{"href":"https:\/\/potensmaradok.hu\/en\/wp-json\/wp\/v2\/pages\/2543","targetHints":{"allow":["GET"]}}],"collection":[{"href":"https:\/\/potensmaradok.hu\/en\/wp-json\/wp\/v2\/pages"}],"about":[{"href":"https:\/\/potensmaradok.hu\/en\/wp-json\/wp\/v2\/types\/page"}],"author":[{"embeddable":true,"href":"https:\/\/potensmaradok.hu\/en\/wp-json\/wp\/v2\/users\/60"}],"replies":[{"embeddable":true,"href":"https:\/\/potensmaradok.hu\/en\/wp-json\/wp\/v2\/comments?post=2543"}],"version-history":[{"count":2,"href":"https:\/\/potensmaradok.hu\/en\/wp-json\/wp\/v2\/pages\/2543\/revisions"}],"predecessor-version":[{"id":2934,"href":"https:\/\/potensmaradok.hu\/en\/wp-json\/wp\/v2\/pages\/2543\/revisions\/2934"}],"wp:attachment":[{"href":"https:\/\/potensmaradok.hu\/en\/wp-json\/wp\/v2\/media?parent=2543"}],"curies":[{"name":"wp","href":"https:\/\/api.w.org\/{rel}","templated":true}]}}