{"id":2577,"date":"2016-10-13T07:01:16","date_gmt":"2016-10-13T07:01:16","guid":{"rendered":"http:\/\/androgarde.hu\/?page_id=2577"},"modified":"2016-12-18T06:06:52","modified_gmt":"2016-12-18T06:06:52","slug":"orvosi-ajanlas","status":"publish","type":"page","link":"https:\/\/potensmaradok.hu\/en\/orvosi-ajanlas\/","title":{"rendered":"Medical recommendation"},"content":{"rendered":"<p class=\"translation-block\">The members of the Hungarian Men's Health Science Society are committed to the fact that prevention is the primary concern for men's health. Men's health is endangered by <a href=\"https:\/\/potensmaradok.hu\/en\/lifestyle\/\" target=\"_self\">numerous factors<\/a>, and erectile dysfunction can often appear before or as the first sign of any other disease. Although erectile dysfunction is a treatable problem these days, it can often cause psychological or relationship problems, and many men cannot take or are unable to take potency-enhancing drugs due to side effects.<\/p>\n<p>Doctors who specialize in male medicine agree that the best way to treat erectile dysfunction is to prevent it, i.e. to minimize the chance of developing it. Nowadays, scientifically proven, effective, side-effect-free products are available, which are recommended for all men who are health-conscious.<\/p>\n<p>Agents containing arginine, carnitine, pine bark extract can not only help to prevent erectile dysfunction per se, but can also help in all cases where the aim is to maintain healthy vascular walls. Thus, these preparations can also complement treatments aimed at preventing complications caused by cardiovascular diseases, arterial stenosis and diabetes.<\/p>","protected":false},"excerpt":{"rendered":"<p>A Magyar F\u00e9rfieg\u00e9szs\u00e9g-tudom\u00e1nyi T\u00e1rsas\u00e1g tagjai elk\u00f6telezettek abban, hogy a f\u00e9rfieg\u00e9szs\u00e9g szempontj\u00e1b\u00f3l a megel\u0151z\u00e9s az els\u0151dleges. A f\u00e9rfiak eg\u00e9szs\u00e9g\u00e9t sz\u00e1mos t\u00e9nyez\u0151\u00a0vesz\u00e9lyezteti, \u00e9s sokszor minden egy\u00e9b megbeteged\u00e9s el\u0151tt , vagy azok els\u0151 jelek\u00e9nt jelentkezhet a mereved\u00e9si zavar. Hab\u00e1r a mereved\u00e9si zavar manaps\u00e1g m\u00e1r j\u00f3l kezelhet\u0151 probl\u00e9ma, m\u00e9gis sokszor pszih\u00e9s ill. p\u00e1rkapcsolati probl\u00e9m\u00e1t okozhat, illetve sokan nem szedhetnek [&hellip;]<\/p>\n","protected":false},"author":60,"featured_media":0,"parent":0,"menu_order":0,"comment_status":"closed","ping_status":"closed","template":"","meta":{"footnotes":""},"class_list":["post-2577","page","type-page","status-publish","hentry"],"_links":{"self":[{"href":"https:\/\/potensmaradok.hu\/en\/wp-json\/wp\/v2\/pages\/2577","targetHints":{"allow":["GET"]}}],"collection":[{"href":"https:\/\/potensmaradok.hu\/en\/wp-json\/wp\/v2\/pages"}],"about":[{"href":"https:\/\/potensmaradok.hu\/en\/wp-json\/wp\/v2\/types\/page"}],"author":[{"embeddable":true,"href":"https:\/\/potensmaradok.hu\/en\/wp-json\/wp\/v2\/users\/60"}],"replies":[{"embeddable":true,"href":"https:\/\/potensmaradok.hu\/en\/wp-json\/wp\/v2\/comments?post=2577"}],"version-history":[{"count":6,"href":"https:\/\/potensmaradok.hu\/en\/wp-json\/wp\/v2\/pages\/2577\/revisions"}],"predecessor-version":[{"id":3655,"href":"https:\/\/potensmaradok.hu\/en\/wp-json\/wp\/v2\/pages\/2577\/revisions\/3655"}],"wp:attachment":[{"href":"https:\/\/potensmaradok.hu\/en\/wp-json\/wp\/v2\/media?parent=2577"}],"curies":[{"name":"wp","href":"https:\/\/api.w.org\/{rel}","templated":true}]}}