{"id":2607,"date":"2016-10-15T20:54:42","date_gmt":"2016-10-15T20:54:42","guid":{"rendered":"http:\/\/androgarde.hu\/?page_id=2607"},"modified":"2020-09-23T10:04:23","modified_gmt":"2020-09-23T10:04:23","slug":"a-merevedes-mechanizmusa","status":"publish","type":"page","link":"https:\/\/potensmaradok.hu\/en\/the-mechanism-of-erection\/","title":{"rendered":"The mechanism of erection"},"content":{"rendered":"<p style=\"text-align:justify;\"><strong>An erection is a very complex reflexive process that depends on the neurological, psychological, hormonal and vascular state of the body at the moment, and is influenced by our consciousness.<\/strong><\/p>\n<p style=\"text-align:justify;\">When there is no sexual arousal, no erection, the so-called cavernous bodies (corpora cavernosa) responsible for the erection of the penis are in a relaxed, contracted state.<\/p>\n<p><img loading=\"lazy\" decoding=\"async\" class=\"alignnone size-full wp-image-2879\" src=\"https:\/\/potensmaradok.hu\/wp-content\/uploads\/2016\/10\/erekcio_1-1.png\" alt=\"erekcio_1\" width=\"377\" height=\"288\" title=\"\"><\/p>\n<p><small>Source: http:\/\/somossexualesconcientes.blogspot.hu\/p\/el-sistema-reproductor-masculino-el.html, http:\/\/dreampenisguide.com\/blog\/wp-content\/uploads\/2014\/10\/diagram.png<\/small><\/p>\n<p style=\"text-align:justify;\">To get an erection, you first need stimuli (different visual, olfactory, tactile stimuli) that trigger a neuro-biochemical reaction in the brain. During this reaction, a stimulus-transmitting molecule, nitric oxide (NO), is released, which causes the smooth muscle cells that make up the cavernous body of the penis to relax via the parasympathetic nervous system.  The relaxation allows much more blood to flow into the penis, causing the cavernous bodies of the penis to enlarge and the veins responsible for the blood flow to be pressed against the outer wall of the penis. The inflow of blood increases and the outflow through the veins decreases, making the penis bigger and firmer, thus creating an erection.<\/p>\n<p><img loading=\"lazy\" decoding=\"async\" class=\"alignnone size-full wp-image-2814\" src=\"http:\/\/androgarde.hu\/wp-content\/uploads\/2016\/10\/erekcio_2.png\" alt=\"The mechanism of erection\" width=\"640\" height=\"262\" title=\"\" srcset=\"https:\/\/potensmaradok.hu\/wp-content\/uploads\/2016\/10\/erekcio_2.png 640w, https:\/\/potensmaradok.hu\/wp-content\/uploads\/2016\/10\/erekcio_2-600x246.png 600w\" sizes=\"auto, (max-width: 640px) 100vw, 640px\" \/><\/p>\n<p><small>Source : http:\/\/i.kinja-img.com\/gawker-media\/image\/upload\/t_original\/19d5bsdvffcvtpng.png<\/small><\/p>\n<p style=\"text-align:justify;\">For an erection to occur, it is therefore important to have a sufficiently stimulating sexual stimulus, as many nitric oxide transmitters as possible, and an intact nervous and vascular system.<\/p>\n<p style=\"text-align:justify;\">From the above, it is easy to understand how important it is to ensure that the tissues responsible for erection in the penis are sufficiently supplied with Nitric Oxide.<\/p>\n<p>Read about the possibility of increasing tissue nitric oxide levels here:<\/p>\n<p><a href=\"https:\/\/potensmaradok.hu\/en\/how-does-androgarde-work\/\">Click here to find out how Androgarde\u00ae works &gt;&gt;<\/a><\/p>","protected":false},"excerpt":{"rendered":"<p>Az erekci\u00f3 egy nagyon \u00f6sszetett, a szervezet pillanatnyi idegi, pszich\u00e9s, hormon\u00e1lis \u00e9s \u00e9rrendszeri \u00e1llapot\u00e1t\u00f3l is f\u00fcgg\u0151, a tudatunk \u00e1ltal is befoly\u00e1solt reflexes folyamat. Amikor nincs szexu\u00e1lis izgalom, nincs erekci\u00f3, a h\u00edmvessz\u0151 mereved\u00e9s\u00e9\u00e9rt felel\u0151s un. barlangos testjei (corpora Cavernosa) elernyedt, \u00f6sszeh\u00faz\u00f3dott \u00e1llapotban vannak. Forr\u00e1s: http:\/\/somossexualesconcientes.blogspot.hu\/p\/el-sistema-reproductor-masculino-el.html,\u00a0\u00a0 http:\/\/dreampenisguide.com\/blog\/wp-content\/uploads\/2014\/10\/diagram.png Az erekci\u00f3 l\u00e9trej\u00f6tt\u00e9hez el\u0151sz\u00f6r is kellenek azok az ingerek ( [&hellip;]<\/p>\n","protected":false},"author":60,"featured_media":0,"parent":0,"menu_order":0,"comment_status":"closed","ping_status":"closed","template":"","meta":{"footnotes":""},"class_list":["post-2607","page","type-page","status-publish","hentry"],"_links":{"self":[{"href":"https:\/\/potensmaradok.hu\/en\/wp-json\/wp\/v2\/pages\/2607","targetHints":{"allow":["GET"]}}],"collection":[{"href":"https:\/\/potensmaradok.hu\/en\/wp-json\/wp\/v2\/pages"}],"about":[{"href":"https:\/\/potensmaradok.hu\/en\/wp-json\/wp\/v2\/types\/page"}],"author":[{"embeddable":true,"href":"https:\/\/potensmaradok.hu\/en\/wp-json\/wp\/v2\/users\/60"}],"replies":[{"embeddable":true,"href":"https:\/\/potensmaradok.hu\/en\/wp-json\/wp\/v2\/comments?post=2607"}],"version-history":[{"count":18,"href":"https:\/\/potensmaradok.hu\/en\/wp-json\/wp\/v2\/pages\/2607\/revisions"}],"predecessor-version":[{"id":6078,"href":"https:\/\/potensmaradok.hu\/en\/wp-json\/wp\/v2\/pages\/2607\/revisions\/6078"}],"wp:attachment":[{"href":"https:\/\/potensmaradok.hu\/en\/wp-json\/wp\/v2\/media?parent=2607"}],"curies":[{"name":"wp","href":"https:\/\/api.w.org\/{rel}","templated":true}]}}