{"id":2613,"date":"2016-10-15T21:01:39","date_gmt":"2016-10-15T21:01:39","guid":{"rendered":"http:\/\/androgarde.hu\/?page_id=2613"},"modified":"2021-06-21T13:33:43","modified_gmt":"2021-06-21T13:33:43","slug":"hogyan-hat-az-androgarde-2","status":"publish","type":"page","link":"https:\/\/potensmaradok.hu\/en\/how-does-androgarde-work\/","title":{"rendered":"How does Androgarde affect you?"},"content":{"rendered":"<p style=\"text-align: justify;\" class=\"translation-block\"><p>The <strong>Androgarde<sup>\u00ae<\/sup> capsule<\/strong> contains <strong>L-Arginine<\/strong> as one of its main ingredients. L-Arginine is an amino acid known for its positive effects on muscle strength for a long time. Recent research has shown that the guanidine group present in Arginine produces Nitric Oxide (NO) in the human body. The more Arginine is present, the more NO is synthesized. <br><br>\n\nNitric Oxide (NO) is a crucial compound for the development and maintenance of a healthy erectile mechanism, as it helps relax the walls of blood vessels, allowing them to expand more effectively. As a result, in cases of Arginine deficiency leading to NO deficiency, the corpus cavernosum and arteries of the penis cannot expand sufficiently to create an erection as they would in the presence of adequate NO levels.<\/p><\/p>\n<p style=\"text-align: justify;\">The amount of arginine produced by the human body decreases with age. Arginine supplementation is therefore an important factor over the age of 40, as Arginine naturally increases male potency (1)<\/p>\n<table>\n<tbody>\n<tr>\n<td width=\"643\"><a href=\"http:\/\/www.ncbi.nlm.nih.gov\/pubmed\/10743698\" target=\"_blank\" rel=\"noopener noreferrer\">One of the studies supporting this can be found here &gt;&gt;<\/a><\/td>\n<\/tr>\n<\/tbody>\n<\/table>\n<p style=\"text-align: justify;\">Research by the Mayo Clinic, a leading research institute in the United States, has also shown that Arginine alone is sufficient to maintain a healthy erection, but that less can be effective when combined with other drugs (2).<\/p>\n<p style=\"text-align: justify;\" class=\"translation-block\">One of these newly discovered agents is a certain <strong>pine bark extract<\/strong>, which, when combined with arginine, greatly increases nitric oxide production in the body and thus improves erectile function (3,4).<\/p>\n<table>\n<tbody>\n<tr>\n<td width=\"643\"><a href=\"http:\/\/www.ncbi.nlm.nih.gov\/pubmed\/12851125\" target=\"_blank\" rel=\"noopener noreferrer\">The scientific research supporting this can be found here &gt;&gt;<\/a><\/td>\n<\/tr>\n<\/tbody>\n<\/table>\n<p style=\"text-align: justify;\" class=\"translation-block\">In addition to the above, <strong>Carnitine<\/strong> has also been shown to be effective in the prevention of erectile dysfunction.(5) The fat burning effects of Carnitine are well known, but perhaps less well known is that through its effect on fat metabolism, by inhibiting the deposition of fats in the walls of blood vessels, it can also inhibit the narrowing of small arteries, which is very important for maintaining a healthy erectile function.<\/p>\n<p style=\"text-align: justify;\" class=\"translation-block\"><p>The <strong>Androgarde<sup>\u00ae<\/sup> capsule<\/strong> also contains <strong>coenzyme Q10<\/strong>, which has antioxidant properties. It influences fat metabolism by inhibiting lipid peroxidation, thereby reducing the risk of fat deposits in small blood vessels. <br><br>\n\nMoreover, some studies have shown that Q10 can, in certain cases, enhance fertility. Similar to Arginine, the amount of coenzyme Q10 naturally decreases with age. Therefore, men over the age of 40 should consider supplementing it.<\/p><\/p>\n<table>\n<tbody>\n<tr>\n<td width=\"643\"><a href=\"http:\/\/www.webbeteg.hu\/cikkek\/egeszseges\/5372\/a-koenzim-q10-jotekony-hatasai\" target=\"_blank\" rel=\"noopener noreferrer\">More details &gt;&gt;<\/a><\/td>\n<\/tr>\n<\/tbody>\n<\/table>\n<p style=\"text-align: justify;\" class=\"translation-block\"><p>The <strong>Androgarde<sup>\u00ae<\/sup> capsule<\/strong> contains <strong>Zinc<\/strong> (Zn) as its fifth active ingredient. Zinc is a mineral present in every cell of the body, though its distribution is not uniform. The amount of zinc in the blood is also influenced by dietary intake. <br><br>\n\nOne of the well-known effects of zinc is its role in enhancing testosterone synthesis. Therefore, a deficiency in zinc can lead to decreased sexual activity and reproductive capability.<\/p><\/p>\n<table>\n<tbody>\n<tr>\n<td width=\"643\"><a href=\"http:\/\/www.hazipatika.com\/taplalkozas\/anyagcsere\/cikkek\/a_nelkulozhetetlen_cink\/20011010145744\" target=\"_blank\" rel=\"noopener noreferrer\">Read more about the effects of zinc here &gt;&gt;<\/a><\/td>\n<\/tr>\n<\/tbody>\n<\/table>\n<p style=\"text-align: justify;\" class=\"translation-block\"><p>Finally \u2013 but not least \u2013 one of the most important active ingredients in the <strong>Androgarde<sup>\u00ae<\/sup> capsule<\/strong> is <strong>Vitamin D3<\/strong>. <br><br>\n\nA recent study has shown that a deficiency in Vitamin D3 can easily lead to erectile dysfunction. This is because, in a deficient state, free radicals accumulate, which damage the inner walls of the corpus cavernosum and the penile blood vessels, thereby impairing healthy erectile function.<\/p><\/p>\n<h3><a name=\"irodalom\"><\/a>Literature cited:<\/h3>\n<ul>\n<li style=\"text-align: justify;\"><a href=\"http:\/\/www.ncbi.nlm.nih.gov\/pubmed\/10743698\" target=\"_blank\" rel=\"noopener\">Urol Int.<\/a> 1999;63(4):220-3. Effectiveness of oral L-arginine in first-line treatment of erectile dysfunction in a controlled crossover study. <a href=\"http:\/\/www.ncbi.nlm.nih.gov\/pubmed\/?term=Klotz%20T%5BAuthor%5D&amp;cauthor=true&amp;cauthor_uid=10743698\" target=\"_blank\" rel=\"noopener\">Klotz T<\/a>1, <a href=\"http:\/\/www.ncbi.nlm.nih.gov\/pubmed\/?term=Mathers%20MJ%5BAuthor%5D&amp;cauthor=true&amp;cauthor_uid=10743698\" target=\"_blank\" rel=\"noopener\">Mathers MJ<\/a>, <a href=\"http:\/\/www.ncbi.nlm.nih.gov\/pubmed\/?term=Braun%20M%5BAuthor%5D&amp;cauthor=true&amp;cauthor_uid=10743698\" target=\"_blank\" rel=\"noopener\">Braun M<\/a>, <a href=\"http:\/\/www.ncbi.nlm.nih.gov\/pubmed\/?term=Bloch%20W%5BAuthor%5D&amp;cauthor=true&amp;cauthor_uid=10743698\" target=\"_blank\" rel=\"noopener\">Bloch W<\/a>, <a href=\"http:\/\/www.ncbi.nlm.nih.gov\/pubmed\/?term=Engelmann%20U%5BAuthor%5D&amp;cauthor=true&amp;cauthor_uid=10743698\" target=\"_blank\" rel=\"noopener\">Engelmann U<\/a>.<\/li>\n<li style=\"text-align: justify;\"><a href=\"http:\/\/www.ncbi.nlm.nih.gov\/pubmed\/12851125\" target=\"_blank\" rel=\"noopener\">J Sex Marital Ther.<\/a> 2003 May-Jun;29(3):207-13.Treatment of erectile dysfunction with pycnogenol and L-arginine. <a href=\"http:\/\/www.ncbi.nlm.nih.gov\/pubmed\/?term=Stanislavov%20R%5BAuthor%5D&amp;cauthor=true&amp;cauthor_uid=12851125\" target=\"_blank\" rel=\"noopener\">Stanislavov R<\/a>, <a href=\"http:\/\/www.ncbi.nlm.nih.gov\/pubmed\/?term=Nikolova%20V%5BAuthor%5D&amp;cauthor=true&amp;cauthor_uid=12851125\" target=\"_blank\" rel=\"noopener\">Nikolova V<\/a>.<\/li>\n<li style=\"text-align: justify;\"><a href=\"http:\/\/www.ncbi.nlm.nih.gov\/pubmed\/17703218\" target=\"_blank\" rel=\"noopener\">Int J Impot Res.<\/a> 2008 Mar-Apr;20(2):173-80. Epub 2007 Aug 16. Improvement of erectile function with Prelox: a randomized, double-blind, placebo-controlled, crossover trial. <a href=\"http:\/\/www.ncbi.nlm.nih.gov\/pubmed\/?term=Stanislavov%20R%5BAuthor%5D&amp;cauthor=true&amp;cauthor_uid=17703218\" target=\"_blank\" rel=\"noopener\">Stanislavov R<\/a>, <a href=\"http:\/\/www.ncbi.nlm.nih.gov\/pubmed\/?term=Nikolova%20V%5BAuthor%5D&amp;cauthor=true&amp;cauthor_uid=17703218\" target=\"_blank\" rel=\"noopener\">Nikolova V<\/a>, <a href=\"http:\/\/www.ncbi.nlm.nih.gov\/pubmed\/?term=Rohdewald%20P%5BAuthor%5D&amp;cauthor=true&amp;cauthor_uid=17703218\" target=\"_blank\" rel=\"noopener\">Rohdewald P<\/a>.<\/li>\n<li style=\"text-align: justify;\">2004 Apr;63(4):641-6. Carnitine versus androgen administration in the treatment of sexual dysfunction, depressed mood, and fatigue associated with male aging. <a href=\"http:\/\/www.ncbi.nlm.nih.gov\/pubmed\/?term=Cavallini%20G%5BAuthor%5D&amp;cauthor=true&amp;cauthor_uid=15072869\" target=\"_blank\" rel=\"noopener\">Cavallini G<\/a>1, <a href=\"http:\/\/www.ncbi.nlm.nih.gov\/pubmed\/?term=Caracciolo%20S%5BAuthor%5D&amp;cauthor=true&amp;cauthor_uid=15072869\" target=\"_blank\" rel=\"noopener\">Caracciolo S<\/a>, <a href=\"http:\/\/www.ncbi.nlm.nih.gov\/pubmed\/?term=Vitali%20G%5BAuthor%5D&amp;cauthor=true&amp;cauthor_uid=15072869\" target=\"_blank\" rel=\"noopener\">Vitali G<\/a>, <a href=\"http:\/\/www.ncbi.nlm.nih.gov\/pubmed\/?term=Modenini%20F%5BAuthor%5D&amp;cauthor=true&amp;cauthor_uid=15072869\" target=\"_blank\" rel=\"noopener\">Modenini F<\/a>, <a href=\"http:\/\/www.ncbi.nlm.nih.gov\/pubmed\/?term=Biagiotti%20G%5BAuthor%5D&amp;cauthor=true&amp;cauthor_uid=15072869\" target=\"_blank\" rel=\"noopener\">Biagiotti G<\/a>.<\/li>\n<li style=\"text-align: justify;\">Fertility and Sterility, Jan 2004, 81(1):93-98, \u201cCoenzyme q10 supplementation in infertile men with idiopathic asthenozoospermia: an open, uncontrolled pilot study\u201d Giancarlo Balercia, M.D. Fabrizio Mosca, Ph.D.Franco Mantero, M.D.Marco Boscaro, M.D.Antonio Mancini, M.D. Giuseppe Ricciardo-Lamonica, Ph.D.GianPaolo Littarru, M.D.<\/li>\n<li style=\"text-align: justify;\">1996 May;12(5):344-8. Zinc status and serum testosterone levels of healthy adults. <a href=\"http:\/\/www.ncbi.nlm.nih.gov\/pubmed\/?term=Prasad%20AS%5BAuthor%5D&amp;cauthor=true&amp;cauthor_uid=8875519\" target=\"_blank\" rel=\"noopener\">Prasad AS<\/a>, , <a href=\"http:\/\/www.ncbi.nlm.nih.gov\/pubmed\/?term=Mantzoros%20CS%5BAuthor%5D&amp;cauthor=true&amp;cauthor_uid=8875519\" target=\"_blank\" rel=\"noopener\">Mantzoros CS<\/a>, <a href=\"http:\/\/www.ncbi.nlm.nih.gov\/pubmed\/?term=Hess%20JW%5BAuthor%5D&amp;cauthor=true&amp;cauthor_uid=8875519\" target=\"_blank\" rel=\"noopener\">Hess JW<\/a>, <a href=\"http:\/\/www.ncbi.nlm.nih.gov\/pubmed\/?term=Brewer%20GJ%5BAuthor%5D&amp;cauthor=true&amp;cauthor_uid=8875519\" target=\"_blank\" rel=\"noopener\">Brewer GJ<\/a>.<\/li>\n<li style=\"text-align: justify;\"><a href=\"http:\/\/www.ncbi.nlm.nih.gov\/pubmed\/25092061\" target=\"_blank\" rel=\"noopener\">J Sex Med <\/a>2014 Nov;11(11):2792-800. doi: 10.1111\/jsm.12661. Epub 2014 Aug 5.Vitamin D and erectile dysfunction. <a href=\"http:\/\/www.ncbi.nlm.nih.gov\/pubmed\/?term=Barassi%20A%5BAuthor%5D&amp;cauthor=true&amp;cauthor_uid=25092061\" target=\"_blank\" rel=\"noopener\">Barassi A<\/a>1, <a href=\"http:\/\/www.ncbi.nlm.nih.gov\/pubmed\/?term=Pezzilli%20R%5BAuthor%5D&amp;cauthor=true&amp;cauthor_uid=25092061\" target=\"_blank\" rel=\"noopener\">Pezzilli R<\/a>, <a href=\"http:\/\/www.ncbi.nlm.nih.gov\/pubmed\/?term=Colpi%20GM%5BAuthor%5D&amp;cauthor=true&amp;cauthor_uid=25092061\" target=\"_blank\" rel=\"noopener\">Colpi GM<\/a>, <a href=\"http:\/\/www.ncbi.nlm.nih.gov\/pubmed\/?term=Corsi%20Romanelli%20MM%5BAuthor%5D&amp;cauthor=true&amp;cauthor_uid=25092061\" target=\"_blank\" rel=\"noopener\">Corsi Romanelli MM<\/a>, <a href=\"http:\/\/www.ncbi.nlm.nih.gov\/pubmed\/?term=Melzi%20d&#039;Eril%20GV%5BAuthor%5D&amp;cauthor=true&amp;cauthor_uid=25092061\" target=\"_blank\" rel=\"noopener\">Melzi<\/a><\/li>\n<li style=\"text-align: justify;\">Liu X et al. French Maritime Pine Bark extract Pycnogenol dose-dependently lowers glucose. <br class=\"gmail_msg\" \/>D.Care 2004;27(3):839.<\/li>\n<\/ul>","protected":false},"excerpt":{"rendered":"<p>Az Androgarde\u00ae kapszula egyik f\u0151 alkot\u00f3r\u00e9sze az L-Arginin. Az L-arginin egy aminosav, amelynek az izomer\u0151re val\u00f3 pozit\u00edv hat\u00e1sa r\u00e9g\u00f3ta ismert. Az ut\u00f3bbi id\u0151kben v\u00e9gzett kutat\u00e1sok kimutatt\u00e1k, hogy az emberi szervezetben az Argininben jelenlev\u0151 Guanidin csoportb\u00f3l Nitrog\u00e9nmonoxid (NO)\u00a0 keletkezik, m\u00e9ghozz\u00e1 min\u00e9l t\u00f6bb Arginin van jelen, ann\u00e1l t\u00f6bb NO szintetiz\u00e1l\u00f3dik. A Nitrog\u00e9nmomnoxid (NO) nagyon fontos vegy\u00fclet az [&hellip;]<\/p>\n","protected":false},"author":60,"featured_media":0,"parent":0,"menu_order":0,"comment_status":"closed","ping_status":"closed","template":"","meta":{"footnotes":""},"class_list":["post-2613","page","type-page","status-publish","hentry"],"_links":{"self":[{"href":"https:\/\/potensmaradok.hu\/en\/wp-json\/wp\/v2\/pages\/2613","targetHints":{"allow":["GET"]}}],"collection":[{"href":"https:\/\/potensmaradok.hu\/en\/wp-json\/wp\/v2\/pages"}],"about":[{"href":"https:\/\/potensmaradok.hu\/en\/wp-json\/wp\/v2\/types\/page"}],"author":[{"embeddable":true,"href":"https:\/\/potensmaradok.hu\/en\/wp-json\/wp\/v2\/users\/60"}],"replies":[{"embeddable":true,"href":"https:\/\/potensmaradok.hu\/en\/wp-json\/wp\/v2\/comments?post=2613"}],"version-history":[{"count":17,"href":"https:\/\/potensmaradok.hu\/en\/wp-json\/wp\/v2\/pages\/2613\/revisions"}],"predecessor-version":[{"id":6447,"href":"https:\/\/potensmaradok.hu\/en\/wp-json\/wp\/v2\/pages\/2613\/revisions\/6447"}],"wp:attachment":[{"href":"https:\/\/potensmaradok.hu\/en\/wp-json\/wp\/v2\/media?parent=2613"}],"curies":[{"name":"wp","href":"https:\/\/api.w.org\/{rel}","templated":true}]}}