{"id":2616,"date":"2016-10-15T21:07:24","date_gmt":"2016-10-15T21:07:24","guid":{"rendered":"http:\/\/androgarde.hu\/?page_id=2616"},"modified":"2021-08-09T14:16:26","modified_gmt":"2021-08-09T14:16:26","slug":"kiknek-ajanljuk","status":"publish","type":"page","link":"https:\/\/potensmaradok.hu\/en\/who-do-we-recommend\/","title":{"rendered":"Who do we recommend?"},"content":{"rendered":"<div class=\"wpb-content-wrapper\"><div class=\"vc_row wpb_row vc_row-fluid vc_pixrow-padding-both\"><div class=\"wpb_column vc_column_container vc_col-sm-12\"><div class=\"vc_column-inner\"><div class=\"wpb_wrapper\">\n\t<div class=\"wpb_text_column wpb_content_element\" >\n\t\t<div class=\"wpb_wrapper\">\n\t\t\t<h2>Self-defence for men<\/h2>\n<p style=\"text-align: justify;\" class=\"translation-block\">ANDROGARDE<sup>\u00ae<\/sup> capsules have created a new category of products by containing concentrated active ingredients that have a physiological effect by enhancing the synthesis of nitric oxide in cells, thus helping to maintain the healthy functioning of the cells of the cave body.<\/p>\n<p><strong>Proposed: <\/strong><\/p>\n<ul style=\"text-align: justify;\">\n<li>for those who wish to preserve their virility in middle and old age, to prevent the development of impotence in later life<\/li>\n<li class=\"translation-block\">for men who are at increased risk of erectile dysfunction for other reasons: e.g. <a style=\"text-decoration: underline\" href=\"https:\/\/potensmaradok.hu\/en\/ajanlas-diabeteszeseknek\/\" target=\"_self\">diabetes<\/a>, treatment for heart disease, obesity, high blood pressure, vascular stenosis<\/li>\n<li>people who have a lot of side effects from potency enhancers (PDE5 inhibitors such as Viagra, Cialis, Levitra, Spedra, etc.)<\/li>\n<li>those who cannot take potency-enhancing (PDE5 inhibiting) drugs (e.g. Viagra, Cialis, Levitra, Spedra, etc.)<\/li>\n<li>dieters, people recovering from illness<\/li>\n<li class=\"translation-block\"><a style=\"text-decoration: underline\" href=\"https:\/\/potensmaradok.hu\/en\/androgarde-kapszula-sportolok-testepitok-reszere\/\" target=\"_self\">for bodybuilders using bulking agents<\/a> to prevent unwanted sexual side effects, erectile dysfunction, potency problems<\/li>\n<\/ul>\n<h2>Contact - without side effects<\/h2>\n<p style=\"text-align: justify;\" class=\"translation-block\"><p>At some point in a man's life, erections may no longer be as strong as they once were. This can happen for many reasons (which you can read about <a href=\"https:\/\/potensmaradok.hu\/en\/lifestyle\/\" target=\"_self\">here<\/a>) and does not necessarily indicate erectile dysfunction or impotence. <br><br>\n\nHowever, to prevent future difficulties, it is advisable to take preventive measures. For men over 40, it is beneficial to use supplements in cycles that, due to their composition, support the blood supply to the male reproductive organs and help maintain the healthy function of the penile corpus cavernosum. This can aid in preventing the development of erectile dysfunction and impotence.<\/p><\/p>\n<p style=\"text-align: justify;\">People with heart disease, diabetes, high blood pressure and obesity are much more likely to develop erectile dysfunction due to damage to blood vessels, medication and other associated conditions. In such cases, it is even more important to pay attention to the prevention of erectile dysfunction. It's also worth asking your doctor whether it's worth starting to take a product that helps to keep your cells and blood vessels healthy, and therefore your erectile function.<\/p>\n<p style=\"text-align: justify;\">There are many men who need an occasional potency booster, but are unable or afraid to take them because of the side effects. For them, the only alternatives were penile self-injection or prosthesis implantation, which are invasive procedures and very many are rightly averse to them.<\/p>\n<p style=\"text-align: justify;\" class=\"translation-block\">Androgarde<sup>\u00ae<\/sup> capsules are a new way to help men avoid premature damage to the vascular walls and cavernous bodies of the penis, and the development of potency problems and erectile dysfunction.<br>\nThe formulation has been very carefully defined, containing strictly only substances that are proven to be effective according to the authoritative medical literature (<a href=\"https:\/\/potensmaradok.hu\/en\/szakirodalom\/\" target=\"_self\">list of references can be found here<\/a>).<\/p>\n<p style=\"text-align: justify;\" class=\"translation-block\">The capsule was developed by a Hungarian doctor.<br>\n<strong>Dr. Mikl\u00f3s Sz\u0171cs Ph.D. <\/strong> andrologist, urologist, President of the Hungarian Society of Male Fertility, Head of the Department of Urology and Andrology of the University of Debrecen Clinical Centre KGYC, has been leading a development team for several years and has since successfully developed several products for the international market in the field of kidney stone prevention and male fertility.<br>\nThe developers considered authenticity and quality of the products as of primary importance. The capsules are independently tested by an international laboratory and contain no harmful or banned substances.<\/p>\n<h3>Daily dose: 2 x 1 capsule<\/h3>\n\n\t\t<\/div>\n\t<\/div>\n<\/div><\/div><\/div><\/div><div class=\"vc_row wpb_row vc_row-fluid vc_pixrow-padding-both\"><div class=\"wpb_column vc_column_container vc_col-sm-12\"><div class=\"vc_column-inner\"><div class=\"wpb_wrapper\">\n\t<div class=\"wpb_text_column wpb_content_element\" >\n\t\t<div class=\"wpb_wrapper\">\n\t\t\t<h2>Important warning<\/h2>\n\n\t\t<\/div>\n\t<\/div>\n<div class=\"vc_message_box vc_message_box-solid-icon vc_message_box-square vc_color-violet vc_do_message\" ><div class=\"vc_message_box-icon\"><i class=\"vc_pixel_icon vc_pixel_icon-info\"><\/i><\/div><p class=\"translation-block\">Androgarde<sup>\u00ae<\/sup> capsules are not a potency enhancer!<\/p>\n<p style=\"text-align: justify;\">Effective potency-enhancing drugs specifically designed to increase potency are available only on prescription, and dietary supplements advertised as such are usually either ineffective or contain banned, often harmful, active ingredients.<\/p>\n<p style=\"text-align: justify;\" class=\"translation-block\">Androgarde<sup>\u00ae<\/sup> capsule <a href=\"https:\/\/potensmaradok.hu\/en\/vizsgalati-jegyzokonyvek\/\" target=\"_self\">an independent laboratory-tested product<\/a> that contains no harmful substances for the body, but its active ingredients have been proven to help maintain erectile function, natural erection.<\/p>\n<\/div><\/div><\/div><\/div><\/div>\n<\/div>","protected":false},"excerpt":{"rendered":"\u00d6nv\u00e9delem f\u00e9rfiaknak Az ANDROGARDE\u00ae kapszula \u00faj term\u00e9kkateg\u00f3ri\u00e1t teremtett az\u00e1ltal, hogy koncentr\u00e1ltan tartalmaz olyan hat\u00f3anyagokat, melyek \u00e9lettani hat\u00e1suk r\u00e9v\u00e9n fokozz\u00e1k a sejtek nitrog\u00e9n-monoxid szint\u00e9zis\u00e9t, ez\u00e1ltal seg\u00edtenek meg\u0151rizni a barlangostestek sejtjeinek az eg\u00e9szs\u00e9ges m\u0171k\u00f6d\u00e9s\u00e9t. Javasolt: azoknak, akik szeretn\u00e9k meg\u0151rizni f\u00e9rfiass\u00e1gukat k\u00f6z\u00e9p- \u00e9s id\u0151skorban is, szeretn\u00e9k megel\u0151zni a k\u00e9s\u0151bbi potenciazavar kialakul\u00e1s\u00e1t azon f\u00e9rfiaknak, akiknek egy\u00e9b okn\u00e1l fogva fokozottabban [...]","protected":false},"author":60,"featured_media":0,"parent":0,"menu_order":0,"comment_status":"closed","ping_status":"closed","template":"","meta":{"footnotes":""},"class_list":["post-2616","page","type-page","status-publish","hentry"],"_links":{"self":[{"href":"https:\/\/potensmaradok.hu\/en\/wp-json\/wp\/v2\/pages\/2616","targetHints":{"allow":["GET"]}}],"collection":[{"href":"https:\/\/potensmaradok.hu\/en\/wp-json\/wp\/v2\/pages"}],"about":[{"href":"https:\/\/potensmaradok.hu\/en\/wp-json\/wp\/v2\/types\/page"}],"author":[{"embeddable":true,"href":"https:\/\/potensmaradok.hu\/en\/wp-json\/wp\/v2\/users\/60"}],"replies":[{"embeddable":true,"href":"https:\/\/potensmaradok.hu\/en\/wp-json\/wp\/v2\/comments?post=2616"}],"version-history":[{"count":30,"href":"https:\/\/potensmaradok.hu\/en\/wp-json\/wp\/v2\/pages\/2616\/revisions"}],"predecessor-version":[{"id":6492,"href":"https:\/\/potensmaradok.hu\/en\/wp-json\/wp\/v2\/pages\/2616\/revisions\/6492"}],"wp:attachment":[{"href":"https:\/\/potensmaradok.hu\/en\/wp-json\/wp\/v2\/media?parent=2616"}],"curies":[{"name":"wp","href":"https:\/\/api.w.org\/{rel}","templated":true}]}}