{"id":2957,"date":"2017-01-17T05:10:43","date_gmt":"2017-01-17T05:10:43","guid":{"rendered":"http:\/\/androgarde.hu\/?page_id=2957"},"modified":"2020-02-19T05:11:29","modified_gmt":"2020-02-19T05:11:29","slug":"androgarde-referencia-patikak","status":"publish","type":"page","link":"https:\/\/potensmaradok.hu\/en\/androgarde-referencia-patikak\/","title":{"rendered":"Androgarde referencia patik\u00e1k"},"content":{"rendered":"<h2>Budapesti\u00a0Androgarde referencia patik\u00e1k:<\/h2>\n<ul>\n<li><strong>Ez\u00fcst Gy\u00f3gyszert\u00e1r<\/strong>, 1137 Budapest, Szent Istv\u00e1n krt. 28. Tel.: 06-1\/340-4403<\/li>\n<li><strong>Ter\u00e9z Patika<\/strong>, 1067 Budapest Ter\u00e9z k\u00f6r\u00fat 41. Tel.: 06-1\/311-4439<\/li>\n<\/ul>\n<h2><strong>Egri\u00a0<\/strong>Androgarde referencia patik\u00e1k:<\/h2>\n<ul>\n<li><strong>Agria Gy\u00f3gyszert\u00e1r<\/strong>, 3300 Eger Hadnagy \u00fat 32. Tel.: 36\/789-129<\/li>\n<\/ul>\n<h2>Debreceni Androgarde referencia patik\u00e1k:<\/h2>\n<ul>\n<li><strong>Arany Oroszl\u00e1n Gy\u00f3gyszert\u00e1r<\/strong><strong class=\"gmail_msg\">,\u00a0<\/strong>4029 Debrecen, Csap\u00f3 u. 66. Tel.: <a class=\"gmail_msg\" href=\"tel:(52)%20425%20426\" target=\"_blank\" rel=\"noopener noreferrer\">52\/ 425-426<\/a><\/li>\n<li><strong>Auguszta Gy\u00f3gyszert\u00e1r,<\/strong> 4032 Debrecen, M\u00f3ricz Zsigmond krt. 22. Tel: 52\/535-753<\/li>\n<li><strong>F\u0151nix Patika<\/strong>, 4031\u00a0Debrecen, Angyalf\u00f6ld t\u00e9r 13-14. tel.: 52\/428-124<\/li>\n<li><strong>Ispot\u00e1ly Gy\u00f3gyszert\u00e1r<\/strong>, 4027 Debrecen, Csigekert u. 7. Tel: 52\/420-239<\/li>\n<li><strong>Ken\u00e9zy Gy\u00f3gyszert\u00e1r<\/strong>, 4031 Debrecen, Bart\u00f3k B\u00e9la \u00fat 2-26. Tel: 52\/502-145<\/li>\n<li><strong>K\u00edgy\u00f3 Patika<\/strong>, 4025 Debrecen, Sz\u00e9chenyi u. 1. Tel: 52\/326-666<\/li>\n<li><strong>Nagyerdei Patika<\/strong>,\u00a04028\u00a0Debrecen, G\u00e9resi \u00fat 4\/A<\/li>\n<li><strong>Szent Gy\u00f6rgy Gy\u00f3gyszert\u00e1r<\/strong>, 4026\u00a0Debrecen,\u00a0Bethlen u. 11-17., Tel:\u00a052 501\u00a0382<\/li>\n<li><strong>Therm\u00e1l Patika<\/strong>,\u00a04032 Debrecen, Nagyerdei park 1. Tel.: 52\/514-148<\/li>\n<\/ul>\n<h2><strong>J\u00e1szber\u00e9nyi\u00a0<\/strong>Androgarde referencia patik\u00e1k:<\/h2>\n<ul>\n<li><strong>J\u00e1szber\u00e9nyi Szent Erzs\u00e9bet K\u00f3rh\u00e1z Gy\u00f3gyszert\u00e1ra<\/strong>, 5100 J\u00e1szber\u00e9ny, Szelei\u00a0\u00fat 2. Tel.: 30\/719-1312<\/li>\n<\/ul>\n<h2>Ny\u00edregyh\u00e1zi\u00a0Androgarde referencia patika:<\/h2>\n<ul>\n<li><strong>Belv\u00e1rosi Gy\u00f3gyszert\u00e1r<\/strong>, 4400 Ny\u00edregyh\u00e1za<strong>,<\/strong> Luther u. 3. Tel.: 42\/313-530<\/li>\n<li><strong>Rem\u00e9ny Gy\u00f3gyszert\u00e1r<\/strong>, 4400 Ny\u00edregyh\u00e1za, Vasgy\u00e1r u. 2. Tel: 42\/500-420<\/li>\n<\/ul>","protected":false},"excerpt":{"rendered":"<p>Budapesti\u00a0Androgarde referencia patik\u00e1k: Ez\u00fcst Gy\u00f3gyszert\u00e1r, 1137 Budapest, Szent Istv\u00e1n krt. 28. Tel.: 06-1\/340-4403 Ter\u00e9z Patika, 1067 Budapest Ter\u00e9z k\u00f6r\u00fat 41. Tel.: 06-1\/311-4439 Egri\u00a0Androgarde referencia patik\u00e1k: Agria Gy\u00f3gyszert\u00e1r, 3300 Eger Hadnagy \u00fat 32. Tel.: 36\/789-129 Debreceni Androgarde referencia patik\u00e1k: Arany Oroszl\u00e1n Gy\u00f3gyszert\u00e1r,\u00a04029 Debrecen, Csap\u00f3 u. 66. Tel.: 52\/ 425-426 Auguszta Gy\u00f3gyszert\u00e1r, 4032 Debrecen, M\u00f3ricz Zsigmond krt. [&hellip;]<\/p>\n","protected":false},"author":60,"featured_media":0,"parent":0,"menu_order":0,"comment_status":"closed","ping_status":"closed","template":"","meta":{"footnotes":""},"class_list":["post-2957","page","type-page","status-publish","hentry"],"_links":{"self":[{"href":"https:\/\/potensmaradok.hu\/en\/wp-json\/wp\/v2\/pages\/2957","targetHints":{"allow":["GET"]}}],"collection":[{"href":"https:\/\/potensmaradok.hu\/en\/wp-json\/wp\/v2\/pages"}],"about":[{"href":"https:\/\/potensmaradok.hu\/en\/wp-json\/wp\/v2\/types\/page"}],"author":[{"embeddable":true,"href":"https:\/\/potensmaradok.hu\/en\/wp-json\/wp\/v2\/users\/60"}],"replies":[{"embeddable":true,"href":"https:\/\/potensmaradok.hu\/en\/wp-json\/wp\/v2\/comments?post=2957"}],"version-history":[{"count":9,"href":"https:\/\/potensmaradok.hu\/en\/wp-json\/wp\/v2\/pages\/2957\/revisions"}],"predecessor-version":[{"id":3219,"href":"https:\/\/potensmaradok.hu\/en\/wp-json\/wp\/v2\/pages\/2957\/revisions\/3219"}],"wp:attachment":[{"href":"https:\/\/potensmaradok.hu\/en\/wp-json\/wp\/v2\/media?parent=2957"}],"curies":[{"name":"wp","href":"https:\/\/api.w.org\/{rel}","templated":true}]}}