{"id":3493,"date":"2018-06-18T04:56:55","date_gmt":"2018-06-18T04:56:55","guid":{"rendered":"https:\/\/potensmaradok.hu\/?page_id=3493"},"modified":"2020-02-19T05:07:23","modified_gmt":"2020-02-19T05:07:23","slug":"androgarde-kapszula-sportolok-testepitok-reszere","status":"publish","type":"page","link":"https:\/\/potensmaradok.hu\/en\/androgarde-kapszula-sportolok-testepitok-reszere\/","title":{"rendered":"Androgarde kapszula sportol\u00f3k, test\u00e9p\u00edt\u0151k r\u00e9sz\u00e9re"},"content":{"rendered":"<p>Az Arginin hat\u00e1sa j\u00f3l ismert a test\u00e9p\u00edt\u0151k k\u00f6r\u00e9ben.\u00a0 Azzal szinte mindenki tiszt\u00e1ban van, hogy a t\u00e1pl\u00e1l\u00e9kkieg\u00e9sz\u00edt\u0151k\u00e9nt fogyasztott Arginin elengedhetetlen a k\u00edv\u00e1nt izomzat fel\u00e9p\u00edt\u00e9s\u00e9hez, de az Argininnek emellett m\u00e9g egy\u00e9b \u2013nagyon hasznos \u2013 tulajdons\u00e1gai is vannak:<\/p>\n<p>Az emberi szervezetben az Argininben jelenlev\u0151 Guanidin csoportb\u00f3l nitron\u00e9nmonoxid (NO)\u00a0keletkezik. \u00a0A nitrogenmonoxid sz\u00fcks\u00e9ges ahhoz, hogy az erek bels\u0151 fal\u00e1nak rugalmass\u00e1ga megmaradjon, \u00e9s ez k\u00fcl\u00f6n\u00f6sen fontos abban az esetben, amikor az edz\u00e9sek miatt az erekre nagyobb nyom\u00e1s hat. Mindebb\u0151l k\u00f6vetkezik, hogy ahhoz hogy a fel\u00e9p\u00fcl\u0151 izom j\u00f3 v\u00e9rell\u00e1t\u00e1sa megmaradjon, hogy ne alakuljon ki magas v\u00e9rnyom\u00e1s, nagyon fontos az Arginin kell\u0151 mennyis\u00e9g\u0171 bevitele.<\/p>\n<p>A j\u00f3 NO ell\u00e1totts\u00e1g azonban nem csak az erekben, hanem a f\u00e9rfi nemiszerv barlangos testjeiben is j\u00f3 hat\u00e1s\u00fa, mivel az oxigeniz\u00e1ci\u00f3 \u00e9s a microcirculatio fokoz\u00e1s\u00e1val megakad\u00e1lyozza mereved\u00e9si zavarok kialakul\u00e1s\u00e1t.<\/p>\n<p>Komoly klinikai kutat\u00e1sok bizony\u00edtott\u00e1k, hogy az Arginin m\u00e1s szerekkel val\u00f3 kombin\u00e1lt ad\u00e1sa eset\u00e9n kevesebb mennyis\u00e9g is m\u00e9g jobban hat\u00e1sos lehet:<\/p>\n<p>Az egyik ilyen \u00fajonnan felfedezett szer egy bizonyos feny\u0151k\u00e9reg kivonat, mellyel kombin\u00e1lva az Arginint, nagym\u00e9rt\u00e9kben n\u0151 a nitrogenmonoxid produkci\u00f3 a szervezetben, \u00e9s ez\u00e1ltal javul az erek rugalmass\u00e1ga \u00e9s az erekci\u00f3s k\u00e9pess\u00e9g is.<\/p>\n<p>R\u00e1ad\u00e1sul ez a kombin\u00e1ci\u00f3 nem csak a fentiekre, hanem \u00a0a v\u00e9rcukorh\u00e1ztart\u00e1s optimaliz\u00e1l\u00e1s\u00e1ban is j\u00f3 hat\u00e1s\u00fa, mely ugyancsak egy fontos t\u00e9nyez\u0151 a komoly fizikai ig\u00e9nybev\u00e9tellel j\u00e1r\u00f3 edz\u00e9sek sor\u00e1n.<\/p>\n<p>Az <strong>Androgard kapszula<\/strong>egy olyan magyar orvosok \u00e1ltal kifejlesztett, ellen\u0151rz\u00f6tt k\u00f6r\u00fclm\u00e9nyek k\u00f6z\u00f6tt gy\u00e1rtott, f\u00fcggetlen laborat\u00f3rium \u00e1ltal tesztelt, magyar c\u00e9g \u00e1ltal gy\u00e1rtott \u00e9s forgalmazott term\u00e9k, mely \u2013t\u00f6bbek k\u00f6z\u00f6tt \u2013 Arginint, Karnitint \u00e9s Feny\u0151k\u00e9reg kivonatot is tartalmaz. Hat\u00e1s\u00e1t rendv\u00e9delmi szervek dolgoz\u00f3i is tesztelt\u00e9k nagy fizikai ig\u00e9nybev\u00e9tellel j\u00e1r\u00f3 munk\u00e1k sor\u00e1n, j\u00f3t\u00e9kony hat\u00e1s\u00e1t kardiol\u00f3gusok, diabetol\u00f3gusok is al\u00e1t\u00e1masztott\u00e1k, ez\u00e9rt szed\u00e9se biztons\u00e1ggal aj\u00e1nlhat\u00f3 sportol\u00f3k , test\u00e9p\u00edt\u0151k r\u00e9sz\u00e9re is.<\/p>","protected":false},"excerpt":{"rendered":"<p>Az Arginin hat\u00e1sa j\u00f3l ismert a test\u00e9p\u00edt\u0151k k\u00f6r\u00e9ben.\u00a0 Azzal szinte mindenki tiszt\u00e1ban van, hogy a t\u00e1pl\u00e1l\u00e9kkieg\u00e9sz\u00edt\u0151k\u00e9nt fogyasztott Arginin elengedhetetlen a k\u00edv\u00e1nt izomzat fel\u00e9p\u00edt\u00e9s\u00e9hez, de az Argininnek emellett m\u00e9g egy\u00e9b \u2013nagyon hasznos \u2013 tulajdons\u00e1gai is vannak: Az emberi szervezetben az Argininben jelenlev\u0151 Guanidin csoportb\u00f3l nitron\u00e9nmonoxid (NO)\u00a0keletkezik. \u00a0A nitrogenmonoxid sz\u00fcks\u00e9ges ahhoz, hogy az erek bels\u0151 fal\u00e1nak rugalmass\u00e1ga [&hellip;]<\/p>\n","protected":false},"author":60,"featured_media":0,"parent":0,"menu_order":0,"comment_status":"closed","ping_status":"closed","template":"","meta":{"footnotes":""},"class_list":["post-3493","page","type-page","status-publish","hentry"],"_links":{"self":[{"href":"https:\/\/potensmaradok.hu\/en\/wp-json\/wp\/v2\/pages\/3493","targetHints":{"allow":["GET"]}}],"collection":[{"href":"https:\/\/potensmaradok.hu\/en\/wp-json\/wp\/v2\/pages"}],"about":[{"href":"https:\/\/potensmaradok.hu\/en\/wp-json\/wp\/v2\/types\/page"}],"author":[{"embeddable":true,"href":"https:\/\/potensmaradok.hu\/en\/wp-json\/wp\/v2\/users\/60"}],"replies":[{"embeddable":true,"href":"https:\/\/potensmaradok.hu\/en\/wp-json\/wp\/v2\/comments?post=3493"}],"version-history":[{"count":1,"href":"https:\/\/potensmaradok.hu\/en\/wp-json\/wp\/v2\/pages\/3493\/revisions"}],"predecessor-version":[{"id":3494,"href":"https:\/\/potensmaradok.hu\/en\/wp-json\/wp\/v2\/pages\/3493\/revisions\/3494"}],"wp:attachment":[{"href":"https:\/\/potensmaradok.hu\/en\/wp-json\/wp\/v2\/media?parent=3493"}],"curies":[{"name":"wp","href":"https:\/\/api.w.org\/{rel}","templated":true}]}}