{"id":3504,"date":"2018-06-28T10:13:52","date_gmt":"2018-06-28T10:13:52","guid":{"rendered":"https:\/\/potensmaradok.hu\/?page_id=3504"},"modified":"2020-02-19T05:03:39","modified_gmt":"2020-02-19T05:03:39","slug":"ajanlas-diabeteszeseknek","status":"publish","type":"page","link":"https:\/\/potensmaradok.hu\/en\/ajanlas-diabeteszeseknek\/","title":{"rendered":"Aj\u00e1nl\u00e1s diabeteszeseknek"},"content":{"rendered":"<p class=\"Standard\">Napjainkban a diabeteszes, magasv\u00e9rnyom\u00e1sos ( ill. a kombin\u00e1lt, un. cardio-metabolikus szindrom\u00e1s) betegek kezel\u00e9se sor\u00e1n egyre nagyobb szerepet kap a kiserek v\u00e9delme. Az m\u00e1r r\u00e9g\u00f3ta ismert, hogy cukorbetegekn\u00e9l \u00f3vni kell a v\u00e9gtagok kering\u00e9s\u00e9t, (pl. ker\u00fclni kell a szoros cip\u0151ket, stb,) de az tal\u00e1n m\u00e1r kev\u00e9sb\u00e9 ismert, hogy az erek v\u00e9delm\u00e9ben mennyire fontos a nitrogen monoxid ( NO) szerepe.\u00a0 Az ut\u00f3bbi id\u0151kben v\u00e9gzett kutat\u00e1sok kimutatt\u00e1k, hogy az emberi szervezetben jelenlev\u0151 az Argininb\u00f6l Nitrog\u00e9nmonoxid keletkezik. A Nitrog\u00e9nmomnoxid\u00a0 fontos vegy\u00fclet az erek eg\u00e9szs\u00e9ges m\u00fck\u00f6d\u00e9s\u00e9nek fenntart\u00e1s\u00e1ban, mivel az erek fal\u00e1nak ellaz\u00edt\u00e1s\u00e1t seg\u00edti el\u0151, amiit\u0151l azok k\u00e9pesek lesznek jobban kit\u00e1gulni.<\/p>\n<p class=\"Standard\">A nitrogenmonoxid mellett hasznos a manaps\u00e1g egyik\u00a0 \u00fajonnan felfedezett szer -egy bizonyos <span class=\"StrongEmphasis\">feny\u0151k\u00e9reg kivonat<\/span>,<i>( extractum pinus maritima)<\/i>\u00a0 mellyel kombin\u00e1lva az Arginint, nagym\u00e9rt\u00e9kben n\u0151 a Nitrog\u00e9nmonoxid produkci\u00f3 a szervezetben, \u00e9s ez nem csak az erek rugalmass\u00e1g\u00e1ra van j\u00f3 hat\u00e1ssal, hanem f\u00e9rfi betegek eset\u00e9ben\u00a0 javul az erekci\u00f3s k\u00e9pess\u00e9g is.<\/p>\n<p class=\"Standard\">Az is ismert t\u00e9ny, hogy az emberi szervezet \u00e1ltal termelt Arginin mennyis\u00e9ge az \u00e9letkor el\u0151re halad\u00e1s\u00e1val cs\u00f6kken. Az Arginin p\u00f3tl\u00e1s ez\u00e9rt 40 \u00e9ves kor felett fontos t\u00e9nyez\u0151, f\u00f6leg azok sz\u00e1m\u00e1ra, akiknek -egy\u00e9b betegs\u00e9g, ( pl. cukorbetegs\u00e9g, magasv\u00e9rnyom\u00e1s, magas koleszterin szint, stb) miatt az \u00e9rfalak eg\u00e9szs\u00e9ge vesz\u00e9lynek lehet kit\u00e9ve.<\/p>\n<p class=\"Standard\">Az ANDROGARDE <span lang=\"EN-US\">\u00a0kapszula koncentr\u00e1ltan tartalmaz olyan hat\u00f3anyagokat, melyek \u00e9lettani hat\u00e1suk r\u00e9v\u00e9n fokozz\u00e1k a sejtek nitrog\u00e9n-monoxid szint\u00e9zis\u00e9t, ez\u00e1ltal hozz\u00e1j\u00e1rulnak a k\u00e1rosod\u00e1snak kitett \u00e9rfal v\u00e9delm\u00e9hez, az eg\u00e9szs\u00e9ges m\u00fck\u00f6d\u00e9s fenntart\u00e1s\u00e1hoz.\u00a0 <\/span><\/p>\n<p class=\"Standard\"><span lang=\"EN-US\">A kapszula emellett tartalmaz m\u00e9g antioxid\u00e1ns tulajdons\u00e1g\u00fa <span class=\"StrongEmphasis\">koenzim-Q10-<\/span>et, ami ugyancsak a zs\u00edranyagcser\u00e9re hatva \u2013\u00a0 lipidperoxid\u00e1ci\u00f3 g\u00e1tl\u00e1s\u00e1val \u2013 cs\u00f6kkenti a kiserekben t\u00f6rt\u00e9n\u0151 zs\u00edrlerak\u00f3d\u00e1s kock\u00e1zat\u00e1t.\u00a0 S\u0151t, egyes kutat\u00e1sok azt is kimutatt\u00e1k, hogy a Q10 bizonyos esetekben n\u00f6veli a megterm\u00e9keny\u00edt\u0151 k\u00e9pess\u00e9get is. Hasonl\u00f3an az Argininhez, a koenzim-Q10 mennyis\u00e9ge az \u00e9letkor el\u0151rehalad\u00e1s\u00e1val term\u00e9szetszer\u0171leg cs\u00f6kken a szervezetben, ez\u00e9rt ennek p\u00f3tl\u00e1s\u00e1r\u00f3l \u00e9rdemes a 40 \u00e9v feletti f\u00e9rfiaknak gondoskodni.<\/span><\/p>","protected":false},"excerpt":{"rendered":"<p>Napjainkban a diabeteszes, magasv\u00e9rnyom\u00e1sos ( ill. a kombin\u00e1lt, un. cardio-metabolikus szindrom\u00e1s) betegek kezel\u00e9se sor\u00e1n egyre nagyobb szerepet kap a kiserek v\u00e9delme. Az m\u00e1r r\u00e9g\u00f3ta ismert, hogy cukorbetegekn\u00e9l \u00f3vni kell a v\u00e9gtagok kering\u00e9s\u00e9t, (pl. ker\u00fclni kell a szoros cip\u0151ket, stb,) de az tal\u00e1n m\u00e1r kev\u00e9sb\u00e9 ismert, hogy az erek v\u00e9delm\u00e9ben mennyire fontos a nitrogen monoxid ( [&hellip;]<\/p>\n","protected":false},"author":60,"featured_media":0,"parent":0,"menu_order":0,"comment_status":"closed","ping_status":"closed","template":"","meta":{"footnotes":""},"class_list":["post-3504","page","type-page","status-publish","hentry"],"_links":{"self":[{"href":"https:\/\/potensmaradok.hu\/en\/wp-json\/wp\/v2\/pages\/3504","targetHints":{"allow":["GET"]}}],"collection":[{"href":"https:\/\/potensmaradok.hu\/en\/wp-json\/wp\/v2\/pages"}],"about":[{"href":"https:\/\/potensmaradok.hu\/en\/wp-json\/wp\/v2\/types\/page"}],"author":[{"embeddable":true,"href":"https:\/\/potensmaradok.hu\/en\/wp-json\/wp\/v2\/users\/60"}],"replies":[{"embeddable":true,"href":"https:\/\/potensmaradok.hu\/en\/wp-json\/wp\/v2\/comments?post=3504"}],"version-history":[{"count":1,"href":"https:\/\/potensmaradok.hu\/en\/wp-json\/wp\/v2\/pages\/3504\/revisions"}],"predecessor-version":[{"id":3505,"href":"https:\/\/potensmaradok.hu\/en\/wp-json\/wp\/v2\/pages\/3504\/revisions\/3505"}],"wp:attachment":[{"href":"https:\/\/potensmaradok.hu\/en\/wp-json\/wp\/v2\/media?parent=3504"}],"curies":[{"name":"wp","href":"https:\/\/api.w.org\/{rel}","templated":true}]}}