{"id":3654,"date":"2019-04-09T08:18:48","date_gmt":"2019-04-09T08:18:48","guid":{"rendered":"https:\/\/potensmaradok.hu\/?page_id=3654"},"modified":"2021-02-09T14:38:23","modified_gmt":"2021-02-09T14:38:23","slug":"hitelesseg-2","status":"publish","type":"page","link":"https:\/\/potensmaradok.hu\/en\/credibility\/","title":{"rendered":"Credibility"},"content":{"rendered":"<p style=\"text-align: center;\" class=\"translation-block\"><a href=\"#ajanlas\" target=\"_self\">MEDICAL RECOMMENDATION<\/a> | <a href=\"#kozlemenyek\" target=\"_self\">EFFECTIVENESS REPORTS<\/a> | <a href=\"#nezzokonyvek\" target=\"_self\">EXAM REPORTS<\/a><\/p>\r\n\r\n\r\n\r\n<p><style>\r\n.anchor {\r\ndisplay:block;\r\n    padding-top:100px;\r\n    margin-top:-100px;\r\n}\r\n<\/style> <a class=\"anchor\" name=\"ajanlas\"><\/a> <br \/><br \/><\/p>\r\n\r\n\r\n\r\n<h2 class=\"wp-block-heading\">Medical recommendation<\/h2>\r\n\r\n\r\n\r\n<p style=\"text-align: justify;\" class=\"translation-block\">The members of the Hungarian Men's Health Science Society are committed to the fact that prevention is the primary concern for men's health. Men's health is endangered by <a href=\"https:\/\/potensmaradok.hu\/en\/lifestyle\/\" target=\"_self\">numerous factors<\/a>, and erectile dysfunction can often appear before or as the first sign of any other disease. Although erectile dysfunction is a treatable problem these days, it can often cause psychological or relationship problems, and many men cannot take or are unable to take potency-enhancing drugs due to side effects.<\/p>\r\n\r\n\r\n\r\n<p style=\"text-align: justify;\">Doctors who specialize in male medicine agree that the best way to treat erectile dysfunction is to prevent it, i.e. to minimize the chance of developing it. Nowadays, scientifically proven, effective, side-effect-free products are available, which are recommended for all men who are health-conscious.<\/p>\r\n\r\n\r\n\r\n<p style=\"text-align: justify;\">Agents containing arginine, carnitine, pine bark extract can not only help to prevent erectile dysfunction per se, but can also help in all cases where the aim is to maintain healthy vascular walls. Thus, these preparations can also complement treatments aimed at preventing complications caused by cardiovascular diseases, arterial stenosis and diabetes.<\/p>\r\n\r\n\r\n\r\n<p><a class=\"anchor\" name=\"kozlemenyek\"><\/a> <br \/><br \/><\/p>\r\n\r\n\r\n\r\n<h2 class=\"wp-block-heading\">Communications demonstrating effectiveness<\/h2>\r\n\r\n\r\n\r\n<h4 class=\"wp-block-heading\"><strong>Literature cited: <\/strong><\/h4>\r\n\r\n\r\n\r\n<ul class=\"wp-block-list\" style=\"text-align: justify;\">\r\n<li><a href=\"http:\/\/www.ncbi.nlm.nih.gov\/pubmed\/10743698\" target=\"_blank\" rel=\"noopener\">Urol Int.<\/a> 1999;63(4):220-3. Effectiveness of oral L-arginine in first-line treatment of erectile dysfunction in a controlled crossover study. <a href=\"http:\/\/www.ncbi.nlm.nih.gov\/pubmed\/?term=Klotz%20T%5BAuthor%5D&amp;cauthor=true&amp;cauthor_uid=10743698\" target=\"_blank\" rel=\"noopener\">Klotz T<\/a>1, <a href=\"http:\/\/www.ncbi.nlm.nih.gov\/pubmed\/?term=Mathers%20MJ%5BAuthor%5D&amp;cauthor=true&amp;cauthor_uid=10743698\" target=\"_blank\" rel=\"noopener\">Mathers MJ<\/a>, <a href=\"http:\/\/www.ncbi.nlm.nih.gov\/pubmed\/?term=Braun%20M%5BAuthor%5D&amp;cauthor=true&amp;cauthor_uid=10743698\" target=\"_blank\" rel=\"noopener\">Braun M<\/a>, <a href=\"http:\/\/www.ncbi.nlm.nih.gov\/pubmed\/?term=Bloch%20W%5BAuthor%5D&amp;cauthor=true&amp;cauthor_uid=10743698\" target=\"_blank\" rel=\"noopener\">Bloch W<\/a>, <a href=\"http:\/\/www.ncbi.nlm.nih.gov\/pubmed\/?term=Engelmann%20U%5BAuthor%5D&amp;cauthor=true&amp;cauthor_uid=10743698\" target=\"_blank\" rel=\"noopener\">Engelmann U<\/a>.<\/li>\r\n<li><a href=\"http:\/\/www.ncbi.nlm.nih.gov\/pubmed\/12851125\" target=\"_blank\" rel=\"noopener\">J Sex Marital Ther.<\/a> 2003 May-Jun;29(3):207-13.Treatment of erectile dysfunction with pycnogenol and L-arginine. <a href=\"http:\/\/www.ncbi.nlm.nih.gov\/pubmed\/?term=Stanislavov%20R%5BAuthor%5D&amp;cauthor=true&amp;cauthor_uid=12851125\" target=\"_blank\" rel=\"noopener\">Stanislavov R<\/a>, <a href=\"http:\/\/www.ncbi.nlm.nih.gov\/pubmed\/?term=Nikolova%20V%5BAuthor%5D&amp;cauthor=true&amp;cauthor_uid=12851125\" target=\"_blank\" rel=\"noopener\">Nikolova V<\/a>.<\/li>\r\n<li><a href=\"http:\/\/www.ncbi.nlm.nih.gov\/pubmed\/17703218\" target=\"_blank\" rel=\"noopener\">Int J Impot Res.<\/a> 2008 Mar-Apr;20(2):173-80. Epub 2007 Aug 16. Improvement of erectile function with Prelox: a randomized, double-blind, placebo-controlled, crossover trial. <a href=\"http:\/\/www.ncbi.nlm.nih.gov\/pubmed\/?term=Stanislavov%20R%5BAuthor%5D&amp;cauthor=true&amp;cauthor_uid=17703218\" target=\"_blank\" rel=\"noopener\">Stanislavov R<\/a>, <a href=\"http:\/\/www.ncbi.nlm.nih.gov\/pubmed\/?term=Nikolova%20V%5BAuthor%5D&amp;cauthor=true&amp;cauthor_uid=17703218\" target=\"_blank\" rel=\"noopener\">Nikolova V<\/a>, <a href=\"http:\/\/www.ncbi.nlm.nih.gov\/pubmed\/?term=Rohdewald%20P%5BAuthor%5D&amp;cauthor=true&amp;cauthor_uid=17703218\" target=\"_blank\" rel=\"noopener\">Rohdewald P<\/a>.<\/li>\r\n<li>2004 Apr;63(4):641-6. Carnitine versus androgen administration in the treatment of sexual dysfunction, depressed mood, and fatigue associated with male aging. <a href=\"http:\/\/www.ncbi.nlm.nih.gov\/pubmed\/?term=Cavallini%20G%5BAuthor%5D&amp;cauthor=true&amp;cauthor_uid=15072869\" target=\"_blank\" rel=\"noopener\">Cavallini G<\/a>1, <a href=\"http:\/\/www.ncbi.nlm.nih.gov\/pubmed\/?term=Caracciolo%20S%5BAuthor%5D&amp;cauthor=true&amp;cauthor_uid=15072869\" target=\"_blank\" rel=\"noopener\">Caracciolo S<\/a>, <a href=\"http:\/\/www.ncbi.nlm.nih.gov\/pubmed\/?term=Vitali%20G%5BAuthor%5D&amp;cauthor=true&amp;cauthor_uid=15072869\" target=\"_blank\" rel=\"noopener\">Vitali G<\/a>, <a href=\"http:\/\/www.ncbi.nlm.nih.gov\/pubmed\/?term=Modenini%20F%5BAuthor%5D&amp;cauthor=true&amp;cauthor_uid=15072869\" target=\"_blank\" rel=\"noopener\">Modenini F<\/a>, <a href=\"http:\/\/www.ncbi.nlm.nih.gov\/pubmed\/?term=Biagiotti%20G%5BAuthor%5D&amp;cauthor=true&amp;cauthor_uid=15072869\" target=\"_blank\" rel=\"noopener\">Biagiotti G<\/a>.<\/li>\r\n<li>Fertility and Sterility, Jan 2004, 81(1):93-98, \u201cCoenzyme q10 supplementation in infertile men with idiopathic asthenozoospermia: an open, uncontrolled pilot study\u201d Giancarlo Balercia, M.D. Fabrizio Mosca, Ph.D.Franco Mantero, M.D.Marco Boscaro, M.D.Antonio Mancini, M.D. Giuseppe Ricciardo-Lamonica, Ph.D.GianPaolo Littarru, M.D.<\/li>\r\n<li>1996 May;12(5):344-8. Zinc status and serum testosterone levels of healthy adults. <a href=\"http:\/\/www.ncbi.nlm.nih.gov\/pubmed\/?term=Prasad%20AS%5BAuthor%5D&amp;cauthor=true&amp;cauthor_uid=8875519\" target=\"_blank\" rel=\"noopener\">Prasad AS<\/a>, , <a href=\"http:\/\/www.ncbi.nlm.nih.gov\/pubmed\/?term=Mantzoros%20CS%5BAuthor%5D&amp;cauthor=true&amp;cauthor_uid=8875519\" target=\"_blank\" rel=\"noopener\">Mantzoros CS<\/a>, <a href=\"http:\/\/www.ncbi.nlm.nih.gov\/pubmed\/?term=Hess%20JW%5BAuthor%5D&amp;cauthor=true&amp;cauthor_uid=8875519\" target=\"_blank\" rel=\"noopener\">Hess JW<\/a>, <a href=\"http:\/\/www.ncbi.nlm.nih.gov\/pubmed\/?term=Brewer%20GJ%5BAuthor%5D&amp;cauthor=true&amp;cauthor_uid=8875519\" target=\"_blank\" rel=\"noopener\">Brewer GJ<\/a>.<\/li>\r\n<li><a href=\"http:\/\/www.ncbi.nlm.nih.gov\/pubmed\/25092061\" target=\"_blank\" rel=\"noopener\">J Sex Med <\/a>2014 Nov;11(11):2792-800. doi: 10.1111\/jsm.12661. Epub 2014 Aug 5.Vitamin D and erectile dysfunction. <a href=\"http:\/\/www.ncbi.nlm.nih.gov\/pubmed\/?term=Barassi%20A%5BAuthor%5D&amp;cauthor=true&amp;cauthor_uid=25092061\" target=\"_blank\" rel=\"noopener\">Barassi A<\/a>1, <a href=\"http:\/\/www.ncbi.nlm.nih.gov\/pubmed\/?term=Pezzilli%20R%5BAuthor%5D&amp;cauthor=true&amp;cauthor_uid=25092061\" target=\"_blank\" rel=\"noopener\">Pezzilli R<\/a>, <a href=\"http:\/\/www.ncbi.nlm.nih.gov\/pubmed\/?term=Colpi%20GM%5BAuthor%5D&amp;cauthor=true&amp;cauthor_uid=25092061\" target=\"_blank\" rel=\"noopener\">Colpi GM<\/a>, <a href=\"http:\/\/www.ncbi.nlm.nih.gov\/pubmed\/?term=Corsi%20Romanelli%20MM%5BAuthor%5D&amp;cauthor=true&amp;cauthor_uid=25092061\" target=\"_blank\" rel=\"noopener\">Corsi Romanelli MM<\/a>, <a href=\"http:\/\/www.ncbi.nlm.nih.gov\/pubmed\/?term=Melzi%20d&#039;Eril%20GV%5BAuthor%5D&amp;cauthor=true&amp;cauthor_uid=25092061\" target=\"_blank\" rel=\"noopener\">Melzi<\/a><\/li>\r\n<li>Liu X et al. French Maritime Pine Bark extract Pycnogenol dose-dependently lowers glucose. <br \/>D.Care 2004;27(3):839.<\/li>\r\n<\/ul>\r\n\r\n\r\n\r\n<h4 class=\"wp-block-heading\"><strong>Links referred to:<\/strong><\/h4>\r\n\r\n\r\n\r\n<p style=\"text-align: justify;\"><a href=\"http:\/\/www.hazipatika.com\/taplalkozas\/anyagcsere\/cikkek\/a_nelkulozhetetlen_cink\/20011010145744\" target=\"_blank\" rel=\"noopener\">http:\/\/www.hazipatika.com\/taplalkozas\/anyagcsere\/cikkek\/a_nelkulozhetetlen_cink\/20011010145744<\/a><\/p>\r\n\r\n\r\n\r\n<p style=\"text-align: justify;\"><a href=\"http:\/\/www.webbeteg.hu\/cikkek\/egeszseges\/5372\/a-koenzim-q10-jotekony-hatasai\" target=\"_blank\" rel=\"noopener\">http:\/\/www.webbeteg.hu\/cikkek\/egeszseges\/5372\/a-koenzim-q10-jotekony-hatasai<\/a><\/p>\r\n\r\n\r\n\r\n<p style=\"text-align: justify;\">Read more about the research in Hungarian here:<\/p>\r\n\r\n\r\n\r\n<p><a href=\"http:\/\/www.tmkronika.hu\/hirek\/a-haloszobai-teljesitmeny-titka-d-vitamin\" target=\"_blank\" rel=\"noopener\">http:\/\/www.tmkronika.hu\/hirek\/a-haloszobai-teljesitmeny-titka-d-vitamin<\/a><\/p>\r\n\r\n\r\n\r\n<p style=\"text-align: justify;\">Other references:<\/p>\r\n\r\n\r\n\r\n<p style=\"text-align: justify;\"><a href=\"http:\/\/www.ncbi.nlm.nih.gov\/pubmed\/12851125\" target=\"_blank\" rel=\"noopener\">http:\/\/www.ncbi.nlm.nih.gov\/pubmed\/12851125<\/a><\/p>\r\n\r\n\r\n\r\n<p style=\"text-align: justify;\"><a href=\"http:\/\/www.ncbi.nlm.nih.gov\/pubmed\/10743698\" target=\"_blank\" rel=\"noopener\">http:\/\/www.ncbi.nlm.nih.gov\/pubmed\/10743698<\/a><\/p>\r\n\r\n\r\n\r\n<p style=\"text-align: justify;\"><a class=\"anchor\" name=\"jegyzokonyvek\"><\/a> <br \/><br \/><\/p>\r\n\r\n\r\n\r\n<h2 class=\"wp-block-heading\">Investigation reports<\/h2>\r\n\r\n\r\n\r\n<p style=\"text-align: justify;\">See our documents proving our authenticity:<\/p>\r\n\r\n\r\n\r\n<p style=\"text-align: justify;\"><i class=\"fa fa-file-pdf-o\"> <a href=\"https:\/\/potensmaradok.hu\/wp-content\/uploads\/2016\/09\/Pine-Bark-P.-E.-PBE150729.pdf\" target=\"_blank\" rel=\"noopener noreferrer\">CERTIFICATE OF ANALYSIS<\/a> <\/i><br \/><i class=\"fa fa-file-pdf-o\"><a href=\"https:\/\/potensmaradok.hu\/wp-content\/uploads\/2016\/09\/346202_2016_E_07813_Andromedic_Kft__Androgarde_kapszula_1.pdf\" target=\"_blank\" rel=\"noopener noreferrer\">VIZSG\u00c1LATI JEGYZ\u0150K\u00d6NYV (Hu)<\/a><\/i><br \/><i class=\"fa fa-file-pdf-o\"> <a href=\"https:\/\/potensmaradok.hu\/wp-content\/uploads\/2016\/09\/346204_2016_E_07813_Andromedic_Kft__Androgarde_kapszula_1.pdf\" target=\"_blank\" rel=\"noopener noreferrer\">VIZSG\u00c1LATI JEGYZ\u0150K\u00d6NYV (De)<\/a> <\/i><br \/><i class=\"fa fa-file-pdf-o\"> <a href=\"https:\/\/potensmaradok.hu\/wp-content\/uploads\/2016\/09\/346203_2016_E_07813_Andromedic_Kft__Androgarde_kapszula_1.pdf\" target=\"_blank\" rel=\"noopener noreferrer\">VIZSG\u00c1LATI JEGYZ\u0150K\u00d6NYV (En)<\/a> <\/i><\/p>","protected":false},"excerpt":{"rendered":"<p>ORVOSI AJ\u00c1NL\u00c1S | HAT\u00c9KONYS\u00c1GOT IGAZOL\u00d3 K\u00d6ZLEM\u00c9NYEK | VIZSG\u00c1LATI JEGYZ\u0150K\u00d6NYVEK Orvosi aj\u00e1nl\u00e1s A Magyar F\u00e9rfieg\u00e9szs\u00e9g-tudom\u00e1nyi T\u00e1rsas\u00e1g tagjai elk\u00f6telezettek abban, hogy a f\u00e9rfieg\u00e9szs\u00e9g szempontj\u00e1b\u00f3l a megel\u0151z\u00e9s az els\u0151dleges. A f\u00e9rfiak eg\u00e9szs\u00e9g\u00e9t sz\u00e1mos t\u00e9nyez\u0151\u00a0vesz\u00e9lyezteti, \u00e9s sokszor minden egy\u00e9b megbeteged\u00e9s el\u0151tt , vagy azok els\u0151 jelek\u00e9nt jelentkezhet a mereved\u00e9si zavar. Hab\u00e1r a mereved\u00e9si zavar manaps\u00e1g m\u00e1r j\u00f3l kezelhet\u0151 probl\u00e9ma, [&hellip;]<\/p>\n","protected":false},"author":60,"featured_media":0,"parent":0,"menu_order":0,"comment_status":"closed","ping_status":"closed","template":"","meta":{"footnotes":""},"class_list":["post-3654","page","type-page","status-publish","hentry"],"_links":{"self":[{"href":"https:\/\/potensmaradok.hu\/en\/wp-json\/wp\/v2\/pages\/3654","targetHints":{"allow":["GET"]}}],"collection":[{"href":"https:\/\/potensmaradok.hu\/en\/wp-json\/wp\/v2\/pages"}],"about":[{"href":"https:\/\/potensmaradok.hu\/en\/wp-json\/wp\/v2\/types\/page"}],"author":[{"embeddable":true,"href":"https:\/\/potensmaradok.hu\/en\/wp-json\/wp\/v2\/users\/60"}],"replies":[{"embeddable":true,"href":"https:\/\/potensmaradok.hu\/en\/wp-json\/wp\/v2\/comments?post=3654"}],"version-history":[{"count":14,"href":"https:\/\/potensmaradok.hu\/en\/wp-json\/wp\/v2\/pages\/3654\/revisions"}],"predecessor-version":[{"id":6212,"href":"https:\/\/potensmaradok.hu\/en\/wp-json\/wp\/v2\/pages\/3654\/revisions\/6212"}],"wp:attachment":[{"href":"https:\/\/potensmaradok.hu\/en\/wp-json\/wp\/v2\/media?parent=3654"}],"curies":[{"name":"wp","href":"https:\/\/api.w.org\/{rel}","templated":true}]}}